{"id":335585,"date":"2025-08-20T13:09:00","date_gmt":"2025-08-20T16:09:00","guid":{"rendered":"https:\/\/www.livrariarema.com.br\/loja\/produtos\/sem categoria\/cartonado-eu-sou-sensacional-deus-me-criou-assim\/"},"modified":"2026-04-01T11:12:45","modified_gmt":"2026-04-01T14:12:45","slug":"cartonado-eu-sou-sensacional-deus-me-criou-assim","status":"publish","type":"product","link":"https:\/\/www.livrariarema.com.br\/loja\/produtos\/livros\/infantil\/cartonado-eu-sou-sensacional-deus-me-criou-assim\/","title":{"rendered":"Cartonado &#8211; Eu Sou Sensacional&#8230; Deus Me Criou Assim!"},"content":{"rendered":"<p>Um dia, DEUS decidiu trazer ao MUNDO algu\u00e9m muito ESPECIAL. Ele disse meu NOME e planejou com PERFEI\u00c7\u00c3O cada parte do meu SER. Olhe no ESPELHO deste livro para descobrir uma BELA CRIA\u00c7\u00c3O de Deus: VOC\u00ca!<\/p>\n","protected":false},"excerpt":{"rendered":"<p>Um dia, DEUS decidiu trazer ao MUNDO algu\u00e9m muito ESPECIAL. Ele disse meu NOME e planejou com PERFEI\u00c7\u00c3O cada parte&hellip;<\/p>\n","protected":false},"featured_media":346503,"comment_status":"open","ping_status":"closed","template":"","meta":[],"product_cat":[144,134],"product_tag":[],"_links":{"self":[{"href":"https:\/\/www.livrariarema.com.br\/loja\/wp-json\/wp\/v2\/product\/335585"}],"collection":[{"href":"https:\/\/www.livrariarema.com.br\/loja\/wp-json\/wp\/v2\/product"}],"about":[{"href":"https:\/\/www.livrariarema.com.br\/loja\/wp-json\/wp\/v2\/types\/product"}],"replies":[{"embeddable":true,"href":"https:\/\/www.livrariarema.com.br\/loja\/wp-json\/wp\/v2\/comments?post=335585"}],"wp:featuredmedia":[{"embeddable":true,"href":"https:\/\/www.livrariarema.com.br\/loja\/wp-json\/wp\/v2\/media\/346503"}],"wp:attachment":[{"href":"https:\/\/www.livrariarema.com.br\/loja\/wp-json\/wp\/v2\/media?parent=335585"}],"wp:term":[{"taxonomy":"product_cat","embeddable":true,"href":"https:\/\/www.livrariarema.com.br\/loja\/wp-json\/wp\/v2\/product_cat?post=335585"},{"taxonomy":"product_tag","embeddable":true,"href":"https:\/\/www.livrariarema.com.br\/loja\/wp-json\/wp\/v2\/product_tag?post=335585"}],"curies":[{"name":"wp","href":"https:\/\/api.w.org\/{rel}","templated":true}]}}