{"id":335592,"date":"2025-08-20T13:09:32","date_gmt":"2025-08-20T16:09:32","guid":{"rendered":"https:\/\/www.livrariarema.com.br\/loja\/produtos\/sem categoria\/livro-adesivos-dinossauros-incriveis\/"},"modified":"2025-09-13T10:31:41","modified_gmt":"2025-09-13T13:31:41","slug":"livro-adesivos-dinossauros-incriveis","status":"publish","type":"product","link":"https:\/\/www.livrariarema.com.br\/loja\/produtos\/livros\/didatico\/livro-adesivos-dinossauros-incriveis\/","title":{"rendered":"Livro Adesivos &#8211; Dinossauros Incr\u00edveis"},"content":{"rendered":"<p>Venha explorar a Ilha dos Dinossauros e conhecer alguns amigos pr\u00e9-hist\u00f3ricos ao longo do caminho! Pinte, circule, desenhe e divirta-se com as atividades. Em seguida, destaque as figuras no final do livro para criar cen\u00e1rios, m\u00e1scaras, moldes de dinossauros, jogos e muito mais! Use os adesivos 3-D para fazer um cen\u00e1rio divertido ou cole-os onde voc\u00ea quiser.<\/p>\n","protected":false},"excerpt":{"rendered":"<p>Venha explorar a Ilha dos Dinossauros e conhecer alguns amigos pr\u00e9-hist\u00f3ricos ao longo do caminho! Pinte, circule, desenhe e divirta-se&hellip;<\/p>\n","protected":false},"featured_media":335591,"comment_status":"open","ping_status":"closed","template":"","meta":[],"product_cat":[185,134],"product_tag":[],"_links":{"self":[{"href":"https:\/\/www.livrariarema.com.br\/loja\/wp-json\/wp\/v2\/product\/335592"}],"collection":[{"href":"https:\/\/www.livrariarema.com.br\/loja\/wp-json\/wp\/v2\/product"}],"about":[{"href":"https:\/\/www.livrariarema.com.br\/loja\/wp-json\/wp\/v2\/types\/product"}],"replies":[{"embeddable":true,"href":"https:\/\/www.livrariarema.com.br\/loja\/wp-json\/wp\/v2\/comments?post=335592"}],"wp:featuredmedia":[{"embeddable":true,"href":"https:\/\/www.livrariarema.com.br\/loja\/wp-json\/wp\/v2\/media\/335591"}],"wp:attachment":[{"href":"https:\/\/www.livrariarema.com.br\/loja\/wp-json\/wp\/v2\/media?parent=335592"}],"wp:term":[{"taxonomy":"product_cat","embeddable":true,"href":"https:\/\/www.livrariarema.com.br\/loja\/wp-json\/wp\/v2\/product_cat?post=335592"},{"taxonomy":"product_tag","embeddable":true,"href":"https:\/\/www.livrariarema.com.br\/loja\/wp-json\/wp\/v2\/product_tag?post=335592"}],"curies":[{"name":"wp","href":"https:\/\/api.w.org\/{rel}","templated":true}]}}