{"id":335595,"date":"2025-08-20T13:09:45","date_gmt":"2025-08-20T16:09:45","guid":{"rendered":"https:\/\/www.livrariarema.com.br\/loja\/produtos\/sem categoria\/livro-adesivos-dinossauros-com-adesivos-brilhantes\/"},"modified":"2026-04-25T10:40:32","modified_gmt":"2026-04-25T13:40:32","slug":"livro-adesivos-dinossauros-com-adesivos-brilhantes","status":"publish","type":"product","link":"https:\/\/www.livrariarema.com.br\/loja\/produtos\/livros\/didatico\/livro-adesivos-dinossauros-com-adesivos-brilhantes\/","title":{"rendered":"Livro Adesivos &#8211; Dinossauros &#8211; Com Adesivos Brilhantes"},"content":{"rendered":"<p>Venha se aventurar no reino dos dinossauros com este incr\u00edvel livro de atividades! Com quebra-cabe\u00e7as pr\u00e9-hist\u00f3ricos, labirintos selvagens e corridas na selva, h\u00e1 atividades para todos os gostos. Acompanha figuras destac\u00e1veis e adesivos brilhantes, al\u00e9m de uma al\u00e7a para voc\u00ea carregar seu livro aonde quiser.<\/p>\n","protected":false},"excerpt":{"rendered":"<p>Venha se aventurar no reino dos dinossauros com este incr\u00edvel livro de atividades! Com quebra-cabe\u00e7as pr\u00e9-hist\u00f3ricos, labirintos selvagens e corridas&hellip;<\/p>\n","protected":false},"featured_media":335594,"comment_status":"open","ping_status":"closed","template":"","meta":[],"product_cat":[185,134],"product_tag":[],"_links":{"self":[{"href":"https:\/\/www.livrariarema.com.br\/loja\/wp-json\/wp\/v2\/product\/335595"}],"collection":[{"href":"https:\/\/www.livrariarema.com.br\/loja\/wp-json\/wp\/v2\/product"}],"about":[{"href":"https:\/\/www.livrariarema.com.br\/loja\/wp-json\/wp\/v2\/types\/product"}],"replies":[{"embeddable":true,"href":"https:\/\/www.livrariarema.com.br\/loja\/wp-json\/wp\/v2\/comments?post=335595"}],"wp:featuredmedia":[{"embeddable":true,"href":"https:\/\/www.livrariarema.com.br\/loja\/wp-json\/wp\/v2\/media\/335594"}],"wp:attachment":[{"href":"https:\/\/www.livrariarema.com.br\/loja\/wp-json\/wp\/v2\/media?parent=335595"}],"wp:term":[{"taxonomy":"product_cat","embeddable":true,"href":"https:\/\/www.livrariarema.com.br\/loja\/wp-json\/wp\/v2\/product_cat?post=335595"},{"taxonomy":"product_tag","embeddable":true,"href":"https:\/\/www.livrariarema.com.br\/loja\/wp-json\/wp\/v2\/product_tag?post=335595"}],"curies":[{"name":"wp","href":"https:\/\/api.w.org\/{rel}","templated":true}]}}