{"id":335603,"date":"2025-08-20T13:10:30","date_gmt":"2025-08-20T16:10:30","guid":{"rendered":"https:\/\/www.livrariarema.com.br\/loja\/produtos\/sem categoria\/3-palavrinhas-biblia-do-bebe\/"},"modified":"2025-10-27T13:20:54","modified_gmt":"2025-10-27T16:20:54","slug":"3-palavrinhas-biblia-do-bebe","status":"publish","type":"product","link":"https:\/\/www.livrariarema.com.br\/loja\/produtos\/livros\/infantil\/3-palavrinhas-biblia-do-bebe\/","title":{"rendered":"3 Palavrinhas &#8211; B\u00edblia Do Beb\u00ea"},"content":{"rendered":"<p>Que tal apresentar para seu filho(a) as emocionantes hist\u00f3rias da B\u00edblia? Fa\u00e7a ele mergulhar nesta experi\u00eancia envolvente! As hist\u00f3rias cuidadosamente selecionadas e ricamente ilustradas apresentar\u00e3o a ele novas pessoas e lugares. Em cada cap\u00edtulo, ele encontrar\u00e1 atividades simples e uma breve ora\u00e7\u00e3o, tornando a leitura mais pr\u00f3xima da sua realidade.Descobrir a palavra de Deus pode ser incrivelmente divertido! Seu filho vai aguardar ansiosamente por esses momentos especiais em que voc\u00eas poder\u00e3o compartilhar juntos as maravilhas da Palavra Divina.<\/p>\n","protected":false},"excerpt":{"rendered":"<p>Que tal apresentar para seu filho(a) as emocionantes hist\u00f3rias da B\u00edblia? Fa\u00e7a ele mergulhar nesta experi\u00eancia envolvente! As hist\u00f3rias cuidadosamente&hellip;<\/p>\n","protected":false},"featured_media":335602,"comment_status":"open","ping_status":"closed","template":"","meta":[],"product_cat":[144,134],"product_tag":[],"_links":{"self":[{"href":"https:\/\/www.livrariarema.com.br\/loja\/wp-json\/wp\/v2\/product\/335603"}],"collection":[{"href":"https:\/\/www.livrariarema.com.br\/loja\/wp-json\/wp\/v2\/product"}],"about":[{"href":"https:\/\/www.livrariarema.com.br\/loja\/wp-json\/wp\/v2\/types\/product"}],"replies":[{"embeddable":true,"href":"https:\/\/www.livrariarema.com.br\/loja\/wp-json\/wp\/v2\/comments?post=335603"}],"wp:featuredmedia":[{"embeddable":true,"href":"https:\/\/www.livrariarema.com.br\/loja\/wp-json\/wp\/v2\/media\/335602"}],"wp:attachment":[{"href":"https:\/\/www.livrariarema.com.br\/loja\/wp-json\/wp\/v2\/media?parent=335603"}],"wp:term":[{"taxonomy":"product_cat","embeddable":true,"href":"https:\/\/www.livrariarema.com.br\/loja\/wp-json\/wp\/v2\/product_cat?post=335603"},{"taxonomy":"product_tag","embeddable":true,"href":"https:\/\/www.livrariarema.com.br\/loja\/wp-json\/wp\/v2\/product_tag?post=335603"}],"curies":[{"name":"wp","href":"https:\/\/api.w.org\/{rel}","templated":true}]}}