{"id":335612,"date":"2025-08-20T13:11:05","date_gmt":"2025-08-20T16:11:05","guid":{"rendered":"https:\/\/www.livrariarema.com.br\/loja\/produtos\/sem categoria\/livro-adesivos-o-nascimento-de-jesus-com-atividades-incriveis\/"},"modified":"2025-12-13T16:11:19","modified_gmt":"2025-12-13T19:11:19","slug":"livro-adesivos-o-nascimento-de-jesus-com-atividades-incriveis","status":"publish","type":"product","link":"https:\/\/www.livrariarema.com.br\/loja\/produtos\/livros\/didatico\/livro-adesivos-o-nascimento-de-jesus-com-atividades-incriveis\/","title":{"rendered":"Livro Adesivos &#8211; O Nascimento De Jesus &#8211; Com Atividades Incr\u00edveis"},"content":{"rendered":"<p>Descubra a hist\u00f3ria do nascimento de Jesus neste livro com al\u00e7as encantador e cheio de atividades! Complete os exerc\u00edcios de cada p\u00e1gina usando os adesivos brilhantes e destaque as pe\u00e7as para montar um pres\u00e9pio.<\/p>\n","protected":false},"excerpt":{"rendered":"<p>Descubra a hist\u00f3ria do nascimento de Jesus neste livro com al\u00e7as encantador e cheio de atividades! Complete os exerc\u00edcios de&hellip;<\/p>\n","protected":false},"featured_media":335611,"comment_status":"open","ping_status":"closed","template":"","meta":[],"product_cat":[185,134],"product_tag":[],"_links":{"self":[{"href":"https:\/\/www.livrariarema.com.br\/loja\/wp-json\/wp\/v2\/product\/335612"}],"collection":[{"href":"https:\/\/www.livrariarema.com.br\/loja\/wp-json\/wp\/v2\/product"}],"about":[{"href":"https:\/\/www.livrariarema.com.br\/loja\/wp-json\/wp\/v2\/types\/product"}],"replies":[{"embeddable":true,"href":"https:\/\/www.livrariarema.com.br\/loja\/wp-json\/wp\/v2\/comments?post=335612"}],"wp:featuredmedia":[{"embeddable":true,"href":"https:\/\/www.livrariarema.com.br\/loja\/wp-json\/wp\/v2\/media\/335611"}],"wp:attachment":[{"href":"https:\/\/www.livrariarema.com.br\/loja\/wp-json\/wp\/v2\/media?parent=335612"}],"wp:term":[{"taxonomy":"product_cat","embeddable":true,"href":"https:\/\/www.livrariarema.com.br\/loja\/wp-json\/wp\/v2\/product_cat?post=335612"},{"taxonomy":"product_tag","embeddable":true,"href":"https:\/\/www.livrariarema.com.br\/loja\/wp-json\/wp\/v2\/product_tag?post=335612"}],"curies":[{"name":"wp","href":"https:\/\/api.w.org\/{rel}","templated":true}]}}