{"id":335615,"date":"2025-08-20T13:11:23","date_gmt":"2025-08-20T16:11:23","guid":{"rendered":"https:\/\/www.livrariarema.com.br\/loja\/produtos\/sem categoria\/almofadado-grande-5-minutos-por-dia-historias-da-biblia\/"},"modified":"2026-03-24T11:06:04","modified_gmt":"2026-03-24T14:06:04","slug":"almofadado-grande-5-minutos-por-dia-historias-da-biblia","status":"publish","type":"product","link":"https:\/\/www.livrariarema.com.br\/loja\/produtos\/livros\/infantil\/almofadado-grande-5-minutos-por-dia-historias-da-biblia\/","title":{"rendered":"Almofadado Grande &#8211; 5 Minutos Por Dia &#8211; Hist\u00f3rias Da B\u00edblia"},"content":{"rendered":"<p>Hist\u00f3rias b\u00edblicas do Antigo e do Novo Testamentos s\u00e3o recontadas neste livro encantador. Com muitas ilustra\u00e7\u00f5es e textos simples, os pequenos v\u00e3o se aproximar de Deus.<\/p>\n","protected":false},"excerpt":{"rendered":"<p>Hist\u00f3rias b\u00edblicas do Antigo e do Novo Testamentos s\u00e3o recontadas neste livro encantador. Com muitas ilustra\u00e7\u00f5es e textos simples, os&hellip;<\/p>\n","protected":false},"featured_media":346518,"comment_status":"open","ping_status":"closed","template":"","meta":[],"product_cat":[144,134],"product_tag":[],"_links":{"self":[{"href":"https:\/\/www.livrariarema.com.br\/loja\/wp-json\/wp\/v2\/product\/335615"}],"collection":[{"href":"https:\/\/www.livrariarema.com.br\/loja\/wp-json\/wp\/v2\/product"}],"about":[{"href":"https:\/\/www.livrariarema.com.br\/loja\/wp-json\/wp\/v2\/types\/product"}],"replies":[{"embeddable":true,"href":"https:\/\/www.livrariarema.com.br\/loja\/wp-json\/wp\/v2\/comments?post=335615"}],"wp:featuredmedia":[{"embeddable":true,"href":"https:\/\/www.livrariarema.com.br\/loja\/wp-json\/wp\/v2\/media\/346518"}],"wp:attachment":[{"href":"https:\/\/www.livrariarema.com.br\/loja\/wp-json\/wp\/v2\/media?parent=335615"}],"wp:term":[{"taxonomy":"product_cat","embeddable":true,"href":"https:\/\/www.livrariarema.com.br\/loja\/wp-json\/wp\/v2\/product_cat?post=335615"},{"taxonomy":"product_tag","embeddable":true,"href":"https:\/\/www.livrariarema.com.br\/loja\/wp-json\/wp\/v2\/product_tag?post=335615"}],"curies":[{"name":"wp","href":"https:\/\/api.w.org\/{rel}","templated":true}]}}