{"id":335618,"date":"2025-08-20T13:11:35","date_gmt":"2025-08-20T16:11:35","guid":{"rendered":"https:\/\/www.livrariarema.com.br\/loja\/produtos\/sem categoria\/almofadado-medio-minhas-100-primeiras-palavras-biblicas\/"},"modified":"2026-04-16T17:33:09","modified_gmt":"2026-04-16T20:33:09","slug":"almofadado-medio-minhas-100-primeiras-palavras-biblicas","status":"publish","type":"product","link":"https:\/\/www.livrariarema.com.br\/loja\/produtos\/livros\/infantil\/almofadado-medio-minhas-100-primeiras-palavras-biblicas\/","title":{"rendered":"Almofadado M\u00e9dio &#8211; Minhas 100 Primeiras Palavras B\u00edblicas"},"content":{"rendered":"<p>Agora os pequenos poder\u00e3o aprender muitas palavras a partir de passagens essenciais da B\u00edblia, da Cria\u00e7\u00e3o aos ensinamentos de Jesus. Com belas ilustra\u00e7\u00f5es coloridas, este livro provoca o interesse pelo aprendizado desde cedo!<\/p>\n","protected":false},"excerpt":{"rendered":"<p>Agora os pequenos poder\u00e3o aprender muitas palavras a partir de passagens essenciais da B\u00edblia, da Cria\u00e7\u00e3o aos ensinamentos de Jesus.&hellip;<\/p>\n","protected":false},"featured_media":346534,"comment_status":"open","ping_status":"closed","template":"","meta":[],"product_cat":[144,134],"product_tag":[],"_links":{"self":[{"href":"https:\/\/www.livrariarema.com.br\/loja\/wp-json\/wp\/v2\/product\/335618"}],"collection":[{"href":"https:\/\/www.livrariarema.com.br\/loja\/wp-json\/wp\/v2\/product"}],"about":[{"href":"https:\/\/www.livrariarema.com.br\/loja\/wp-json\/wp\/v2\/types\/product"}],"replies":[{"embeddable":true,"href":"https:\/\/www.livrariarema.com.br\/loja\/wp-json\/wp\/v2\/comments?post=335618"}],"wp:featuredmedia":[{"embeddable":true,"href":"https:\/\/www.livrariarema.com.br\/loja\/wp-json\/wp\/v2\/media\/346534"}],"wp:attachment":[{"href":"https:\/\/www.livrariarema.com.br\/loja\/wp-json\/wp\/v2\/media?parent=335618"}],"wp:term":[{"taxonomy":"product_cat","embeddable":true,"href":"https:\/\/www.livrariarema.com.br\/loja\/wp-json\/wp\/v2\/product_cat?post=335618"},{"taxonomy":"product_tag","embeddable":true,"href":"https:\/\/www.livrariarema.com.br\/loja\/wp-json\/wp\/v2\/product_tag?post=335618"}],"curies":[{"name":"wp","href":"https:\/\/api.w.org\/{rel}","templated":true}]}}