{"id":335620,"date":"2025-08-20T13:11:42","date_gmt":"2025-08-20T16:11:42","guid":{"rendered":"https:\/\/www.livrariarema.com.br\/loja\/produtos\/sem categoria\/almofadado-historias-biblicas-com-alca-o-nascimento-de-jesus\/"},"modified":"2026-03-31T14:30:43","modified_gmt":"2026-03-31T17:30:43","slug":"almofadado-historias-biblicas-com-alca-o-nascimento-de-jesus","status":"publish","type":"product","link":"https:\/\/www.livrariarema.com.br\/loja\/produtos\/livros\/infantil\/almofadado-historias-biblicas-com-alca-o-nascimento-de-jesus\/","title":{"rendered":"Almofadado &#8211; Hist\u00f3rias B\u00edblicas Com Al\u00e7a &#8211; O Nascimento De Jesus"},"content":{"rendered":"<p>Junte-se a Maria, Jos\u00e9 e o menino Jesus nesta doce releitura da hist\u00f3ria do nascimento de Jesus. Este livro interativo tem uma ora\u00e7\u00e3o para compartilhar e toques divertidos para explorar. Ah&#8230; e ainda seu pequeno pode levar para onde quiser, pois possui uma al\u00e7a como uma maleta ou seja s\u00e3o hist\u00f3rias b\u00edblicas com al\u00e7a!<\/p>\n","protected":false},"excerpt":{"rendered":"<p>Junte-se a Maria, Jos\u00e9 e o menino Jesus nesta doce releitura da hist\u00f3ria do nascimento de Jesus. Este livro interativo&hellip;<\/p>\n","protected":false},"featured_media":346535,"comment_status":"open","ping_status":"closed","template":"","meta":[],"product_cat":[144,134],"product_tag":[],"_links":{"self":[{"href":"https:\/\/www.livrariarema.com.br\/loja\/wp-json\/wp\/v2\/product\/335620"}],"collection":[{"href":"https:\/\/www.livrariarema.com.br\/loja\/wp-json\/wp\/v2\/product"}],"about":[{"href":"https:\/\/www.livrariarema.com.br\/loja\/wp-json\/wp\/v2\/types\/product"}],"replies":[{"embeddable":true,"href":"https:\/\/www.livrariarema.com.br\/loja\/wp-json\/wp\/v2\/comments?post=335620"}],"wp:featuredmedia":[{"embeddable":true,"href":"https:\/\/www.livrariarema.com.br\/loja\/wp-json\/wp\/v2\/media\/346535"}],"wp:attachment":[{"href":"https:\/\/www.livrariarema.com.br\/loja\/wp-json\/wp\/v2\/media?parent=335620"}],"wp:term":[{"taxonomy":"product_cat","embeddable":true,"href":"https:\/\/www.livrariarema.com.br\/loja\/wp-json\/wp\/v2\/product_cat?post=335620"},{"taxonomy":"product_tag","embeddable":true,"href":"https:\/\/www.livrariarema.com.br\/loja\/wp-json\/wp\/v2\/product_tag?post=335620"}],"curies":[{"name":"wp","href":"https:\/\/api.w.org\/{rel}","templated":true}]}}