{"id":335622,"date":"2025-08-20T13:11:51","date_gmt":"2025-08-20T16:11:51","guid":{"rendered":"https:\/\/www.livrariarema.com.br\/loja\/produtos\/sem categoria\/almofadado-historias-biblicas-com-alca-jose-do-egito\/"},"modified":"2026-02-28T11:39:14","modified_gmt":"2026-02-28T14:39:14","slug":"almofadado-historias-biblicas-com-alca-jose-do-egito","status":"publish","type":"product","link":"https:\/\/www.livrariarema.com.br\/loja\/produtos\/livros\/infantil\/almofadado-historias-biblicas-com-alca-jose-do-egito\/","title":{"rendered":"Almofadado &#8211; Hist\u00f3rias B\u00edblicas Com Al\u00e7a &#8211; Jos\u00e9 Do Egito"},"content":{"rendered":"<p>Junte-se a Jos\u00e9 nesta hist\u00f3ria incr\u00edvel sobre permanecer fiel a Deus. Este livro interativo tem uma ora\u00e7\u00e3o para compartilhar e toques divertidos para explorar. Ah&#8230; e ainda seu pequeno pode levar para onde quiser, pois possui uma al\u00e7a como uma maleta ou seja s\u00e3o hist\u00f3rias b\u00edblicas com al\u00e7a!<\/p>\n","protected":false},"excerpt":{"rendered":"<p>Junte-se a Jos\u00e9 nesta hist\u00f3ria incr\u00edvel sobre permanecer fiel a Deus. Este livro interativo tem uma ora\u00e7\u00e3o para compartilhar e&hellip;<\/p>\n","protected":false},"featured_media":335621,"comment_status":"open","ping_status":"closed","template":"","meta":[],"product_cat":[144,134],"product_tag":[],"_links":{"self":[{"href":"https:\/\/www.livrariarema.com.br\/loja\/wp-json\/wp\/v2\/product\/335622"}],"collection":[{"href":"https:\/\/www.livrariarema.com.br\/loja\/wp-json\/wp\/v2\/product"}],"about":[{"href":"https:\/\/www.livrariarema.com.br\/loja\/wp-json\/wp\/v2\/types\/product"}],"replies":[{"embeddable":true,"href":"https:\/\/www.livrariarema.com.br\/loja\/wp-json\/wp\/v2\/comments?post=335622"}],"wp:featuredmedia":[{"embeddable":true,"href":"https:\/\/www.livrariarema.com.br\/loja\/wp-json\/wp\/v2\/media\/335621"}],"wp:attachment":[{"href":"https:\/\/www.livrariarema.com.br\/loja\/wp-json\/wp\/v2\/media?parent=335622"}],"wp:term":[{"taxonomy":"product_cat","embeddable":true,"href":"https:\/\/www.livrariarema.com.br\/loja\/wp-json\/wp\/v2\/product_cat?post=335622"},{"taxonomy":"product_tag","embeddable":true,"href":"https:\/\/www.livrariarema.com.br\/loja\/wp-json\/wp\/v2\/product_tag?post=335622"}],"curies":[{"name":"wp","href":"https:\/\/api.w.org\/{rel}","templated":true}]}}