{"id":335628,"date":"2025-08-20T13:12:16","date_gmt":"2025-08-20T16:12:16","guid":{"rendered":"https:\/\/www.livrariarema.com.br\/loja\/produtos\/sem categoria\/almofadado-historias-biblicas-com-alca-davi-e-golias\/"},"modified":"2026-01-22T16:41:13","modified_gmt":"2026-01-22T19:41:13","slug":"almofadado-historias-biblicas-com-alca-davi-e-golias","status":"publish","type":"product","link":"https:\/\/www.livrariarema.com.br\/loja\/produtos\/livros\/infantil\/almofadado-historias-biblicas-com-alca-davi-e-golias\/","title":{"rendered":"Almofadado &#8211; Hist\u00f3rias B\u00edblicas Com Al\u00e7a &#8211; Davi E Golias"},"content":{"rendered":"<p>Descubra o que acontece quando Davi luta contra o grande gigante Golias! Este livro interativo tem uma ora\u00e7\u00e3o para compartilhar e toques divertidos para explorar. Ah&#8230; e ainda seu pequeno pode levar para onde quiser, pois possui uma al\u00e7a como uma maleta ou seja s\u00e3o hist\u00f3rias b\u00edblicas com al\u00e7a!<\/p>\n","protected":false},"excerpt":{"rendered":"<p>Descubra o que acontece quando Davi luta contra o grande gigante Golias! Este livro interativo tem uma ora\u00e7\u00e3o para compartilhar&hellip;<\/p>\n","protected":false},"featured_media":341245,"comment_status":"open","ping_status":"closed","template":"","meta":[],"product_cat":[144,134],"product_tag":[],"_links":{"self":[{"href":"https:\/\/www.livrariarema.com.br\/loja\/wp-json\/wp\/v2\/product\/335628"}],"collection":[{"href":"https:\/\/www.livrariarema.com.br\/loja\/wp-json\/wp\/v2\/product"}],"about":[{"href":"https:\/\/www.livrariarema.com.br\/loja\/wp-json\/wp\/v2\/types\/product"}],"replies":[{"embeddable":true,"href":"https:\/\/www.livrariarema.com.br\/loja\/wp-json\/wp\/v2\/comments?post=335628"}],"wp:featuredmedia":[{"embeddable":true,"href":"https:\/\/www.livrariarema.com.br\/loja\/wp-json\/wp\/v2\/media\/341245"}],"wp:attachment":[{"href":"https:\/\/www.livrariarema.com.br\/loja\/wp-json\/wp\/v2\/media?parent=335628"}],"wp:term":[{"taxonomy":"product_cat","embeddable":true,"href":"https:\/\/www.livrariarema.com.br\/loja\/wp-json\/wp\/v2\/product_cat?post=335628"},{"taxonomy":"product_tag","embeddable":true,"href":"https:\/\/www.livrariarema.com.br\/loja\/wp-json\/wp\/v2\/product_tag?post=335628"}],"curies":[{"name":"wp","href":"https:\/\/api.w.org\/{rel}","templated":true}]}}