{"id":335632,"date":"2025-08-20T13:12:28","date_gmt":"2025-08-20T16:12:28","guid":{"rendered":"https:\/\/www.livrariarema.com.br\/loja\/produtos\/sem categoria\/almofadado-medio-biblia-para-criancas\/"},"modified":"2025-09-30T12:33:21","modified_gmt":"2025-09-30T15:33:21","slug":"almofadado-medio-biblia-para-criancas","status":"publish","type":"product","link":"https:\/\/www.livrariarema.com.br\/loja\/produtos\/livros\/infantil\/almofadado-medio-biblia-para-criancas\/","title":{"rendered":"Almofadado M\u00e9dio &#8211; B\u00edblia Para Crian\u00e7as"},"content":{"rendered":"<p>A B\u00edblia Para Crian\u00e7as \u00e9 uma vers\u00e3o adaptada e encantadora das hist\u00f3rias mais conhecidas da B\u00edblia, ideal para pequenos leitores. Agora dispon\u00edvel em uma edi\u00e7\u00e3o especial da Ciranda Cultural, com capa almofadada e acabamento refinado, este livro \u00e9 perfeito para introduzir os ensinamentos b\u00edblicos de forma l\u00fadica e acess\u00edvel para crian\u00e7as de todas as idades.<\/p>\n","protected":false},"excerpt":{"rendered":"<p>A B\u00edblia Para Crian\u00e7as \u00e9 uma vers\u00e3o adaptada e encantadora das hist\u00f3rias mais conhecidas da B\u00edblia, ideal para pequenos leitores.&hellip;<\/p>\n","protected":false},"featured_media":335631,"comment_status":"open","ping_status":"closed","template":"","meta":[],"product_cat":[144,134],"product_tag":[],"_links":{"self":[{"href":"https:\/\/www.livrariarema.com.br\/loja\/wp-json\/wp\/v2\/product\/335632"}],"collection":[{"href":"https:\/\/www.livrariarema.com.br\/loja\/wp-json\/wp\/v2\/product"}],"about":[{"href":"https:\/\/www.livrariarema.com.br\/loja\/wp-json\/wp\/v2\/types\/product"}],"replies":[{"embeddable":true,"href":"https:\/\/www.livrariarema.com.br\/loja\/wp-json\/wp\/v2\/comments?post=335632"}],"wp:featuredmedia":[{"embeddable":true,"href":"https:\/\/www.livrariarema.com.br\/loja\/wp-json\/wp\/v2\/media\/335631"}],"wp:attachment":[{"href":"https:\/\/www.livrariarema.com.br\/loja\/wp-json\/wp\/v2\/media?parent=335632"}],"wp:term":[{"taxonomy":"product_cat","embeddable":true,"href":"https:\/\/www.livrariarema.com.br\/loja\/wp-json\/wp\/v2\/product_cat?post=335632"},{"taxonomy":"product_tag","embeddable":true,"href":"https:\/\/www.livrariarema.com.br\/loja\/wp-json\/wp\/v2\/product_tag?post=335632"}],"curies":[{"name":"wp","href":"https:\/\/api.w.org\/{rel}","templated":true}]}}