{"id":335644,"date":"2025-08-20T13:13:10","date_gmt":"2025-08-20T16:13:10","guid":{"rendered":"https:\/\/www.livrariarema.com.br\/loja\/produtos\/sem categoria\/flash-cards-cartas-bilingues-primeiras-palavras-first-words\/"},"modified":"2026-03-24T11:11:33","modified_gmt":"2026-03-24T14:11:33","slug":"flash-cards-cartas-bilingues-primeiras-palavras-first-words","status":"publish","type":"product","link":"https:\/\/www.livrariarema.com.br\/loja\/produtos\/livros\/infantil\/flash-cards-cartas-bilingues-primeiras-palavras-first-words\/","title":{"rendered":"Flash Cards &#8211; Cartas Bil\u00edngues &#8211; Primeiras Palavras &#8211; First Words"},"content":{"rendered":"<p>O uso de cartas bil\u00edngues com figuras e palavras \u00e9 uma ferramenta eficaz para o aprendizado de ingl\u00eas. A associa\u00e7\u00e3o entre imagens e palavras facilita a memoriza\u00e7\u00e3o e promove um aprendizado natural, tornando o processo mais interativo, din\u00e2mico e visualmente estimulante.<\/p>\n","protected":false},"excerpt":{"rendered":"<p>O uso de cartas bil\u00edngues com figuras e palavras \u00e9 uma ferramenta eficaz para o aprendizado de ingl\u00eas. A associa\u00e7\u00e3o&hellip;<\/p>\n","protected":false},"featured_media":346543,"comment_status":"open","ping_status":"closed","template":"","meta":[],"product_cat":[144,134],"product_tag":[],"_links":{"self":[{"href":"https:\/\/www.livrariarema.com.br\/loja\/wp-json\/wp\/v2\/product\/335644"}],"collection":[{"href":"https:\/\/www.livrariarema.com.br\/loja\/wp-json\/wp\/v2\/product"}],"about":[{"href":"https:\/\/www.livrariarema.com.br\/loja\/wp-json\/wp\/v2\/types\/product"}],"replies":[{"embeddable":true,"href":"https:\/\/www.livrariarema.com.br\/loja\/wp-json\/wp\/v2\/comments?post=335644"}],"wp:featuredmedia":[{"embeddable":true,"href":"https:\/\/www.livrariarema.com.br\/loja\/wp-json\/wp\/v2\/media\/346543"}],"wp:attachment":[{"href":"https:\/\/www.livrariarema.com.br\/loja\/wp-json\/wp\/v2\/media?parent=335644"}],"wp:term":[{"taxonomy":"product_cat","embeddable":true,"href":"https:\/\/www.livrariarema.com.br\/loja\/wp-json\/wp\/v2\/product_cat?post=335644"},{"taxonomy":"product_tag","embeddable":true,"href":"https:\/\/www.livrariarema.com.br\/loja\/wp-json\/wp\/v2\/product_tag?post=335644"}],"curies":[{"name":"wp","href":"https:\/\/api.w.org\/{rel}","templated":true}]}}