{"id":335696,"date":"2025-08-20T13:17:53","date_gmt":"2025-08-20T16:17:53","guid":{"rendered":"https:\/\/www.livrariarema.com.br\/loja\/produtos\/sem categoria\/os-flemmings-uma-solteirona-alema-por-conveniencia-cinthia-serejo\/"},"modified":"2026-03-27T09:51:24","modified_gmt":"2026-03-27T12:51:24","slug":"os-flemmings-uma-solteirona-alema-por-conveniencia-cinthia-serejo","status":"publish","type":"product","link":"https:\/\/www.livrariarema.com.br\/loja\/produtos\/livros\/ficcao\/os-flemmings-uma-solteirona-alema-por-conveniencia-cinthia-serejo\/","title":{"rendered":"Os Flemmings &#8211; Uma Solteirona Alem\u00e3 Por Conveni\u00eancia &#8211; Cinthia Serejo"},"content":{"rendered":"<p>Hamburgo, 1859. Emma Weber, de 27 anos, carrega o indesejado t\u00edtulo de solteirona. Para muitos, seu futuro deveria estar atrelado ao casamento, mas Emma tem outros planos &#8211; ainda que precise convencer seu exc\u00eantrico tio Alfred, um conde hipocondr\u00edaco.<\/p>\n<p>Enquanto aguarda not\u00edcias da amiga Agnes, Emma v\u00ea sua rotina virar de cabe\u00e7a para baixo com a chegada inesperada dos Flemmings, imigrantes alem\u00e3es vindos do Brasil. Entre eles, Maximilian Flemming, um homem de modos r\u00fasticos e sorriso atrevido, que parece decidido a desafiar todas as suas certezas.<\/p>\n<p>Com di\u00e1logos envolventes, personagens cativantes e uma dose irresist\u00edvel de humor e romance, Uma Solteirona Alem\u00e3 por Conveni\u00eancia \u00e9 uma hist\u00f3ria sobre coragem, tradi\u00e7\u00e3o e os encontros inesperados que podem mudar o rumo de uma vida.<\/p>\n","protected":false},"excerpt":{"rendered":"<p>Hamburgo, 1859. Emma Weber, de 27 anos, carrega o indesejado t\u00edtulo de solteirona. Para muitos, seu futuro deveria estar atrelado&hellip;<\/p>\n","protected":false},"featured_media":346557,"comment_status":"open","ping_status":"closed","template":"","meta":[],"product_cat":[162,134],"product_tag":[],"_links":{"self":[{"href":"https:\/\/www.livrariarema.com.br\/loja\/wp-json\/wp\/v2\/product\/335696"}],"collection":[{"href":"https:\/\/www.livrariarema.com.br\/loja\/wp-json\/wp\/v2\/product"}],"about":[{"href":"https:\/\/www.livrariarema.com.br\/loja\/wp-json\/wp\/v2\/types\/product"}],"replies":[{"embeddable":true,"href":"https:\/\/www.livrariarema.com.br\/loja\/wp-json\/wp\/v2\/comments?post=335696"}],"wp:featuredmedia":[{"embeddable":true,"href":"https:\/\/www.livrariarema.com.br\/loja\/wp-json\/wp\/v2\/media\/346557"}],"wp:attachment":[{"href":"https:\/\/www.livrariarema.com.br\/loja\/wp-json\/wp\/v2\/media?parent=335696"}],"wp:term":[{"taxonomy":"product_cat","embeddable":true,"href":"https:\/\/www.livrariarema.com.br\/loja\/wp-json\/wp\/v2\/product_cat?post=335696"},{"taxonomy":"product_tag","embeddable":true,"href":"https:\/\/www.livrariarema.com.br\/loja\/wp-json\/wp\/v2\/product_tag?post=335696"}],"curies":[{"name":"wp","href":"https:\/\/api.w.org\/{rel}","templated":true}]}}