{"id":335706,"date":"2025-08-20T13:18:26","date_gmt":"2025-08-20T16:18:26","guid":{"rendered":"https:\/\/www.livrariarema.com.br\/loja\/produtos\/sem categoria\/almofadado-historias-biblicas-com-alca-jonah-and-the-big-fish\/"},"modified":"2026-03-24T11:15:06","modified_gmt":"2026-03-24T14:15:06","slug":"almofadado-historias-biblicas-com-alca-jonah-and-the-big-fish","status":"publish","type":"product","link":"https:\/\/www.livrariarema.com.br\/loja\/produtos\/livros\/infantil\/almofadado-historias-biblicas-com-alca-jonah-and-the-big-fish\/","title":{"rendered":"Almofadado &#8211; Hist\u00f3rias B\u00edblicas Com Al\u00e7a &#8211; Jonah And The Big Fish"},"content":{"rendered":"<p>Join Jonah on an important journey as he is thrown off a boat and swallowed by a big fish! This exciting book has a prayer to shareand fun touches to explore. Oh&#8230; and your little one can take it wherever they want, as it has a handle like a suitcase, meaning they are biblical stories with a handle!<\/p>\n","protected":false},"excerpt":{"rendered":"<p>Join Jonah on an important journey as he is thrown off a boat and swallowed by a big fish! This&hellip;<\/p>\n","protected":false},"featured_media":346576,"comment_status":"open","ping_status":"closed","template":"","meta":[],"product_cat":[144,134],"product_tag":[],"_links":{"self":[{"href":"https:\/\/www.livrariarema.com.br\/loja\/wp-json\/wp\/v2\/product\/335706"}],"collection":[{"href":"https:\/\/www.livrariarema.com.br\/loja\/wp-json\/wp\/v2\/product"}],"about":[{"href":"https:\/\/www.livrariarema.com.br\/loja\/wp-json\/wp\/v2\/types\/product"}],"replies":[{"embeddable":true,"href":"https:\/\/www.livrariarema.com.br\/loja\/wp-json\/wp\/v2\/comments?post=335706"}],"wp:featuredmedia":[{"embeddable":true,"href":"https:\/\/www.livrariarema.com.br\/loja\/wp-json\/wp\/v2\/media\/346576"}],"wp:attachment":[{"href":"https:\/\/www.livrariarema.com.br\/loja\/wp-json\/wp\/v2\/media?parent=335706"}],"wp:term":[{"taxonomy":"product_cat","embeddable":true,"href":"https:\/\/www.livrariarema.com.br\/loja\/wp-json\/wp\/v2\/product_cat?post=335706"},{"taxonomy":"product_tag","embeddable":true,"href":"https:\/\/www.livrariarema.com.br\/loja\/wp-json\/wp\/v2\/product_tag?post=335706"}],"curies":[{"name":"wp","href":"https:\/\/api.w.org\/{rel}","templated":true}]}}