{"id":335710,"date":"2025-08-20T13:18:40","date_gmt":"2025-08-20T16:18:40","guid":{"rendered":"https:\/\/www.livrariarema.com.br\/loja\/produtos\/sem categoria\/almofadado-historias-biblicas-com-alca-joseph-and-the-dream-coat\/"},"modified":"2026-01-26T18:11:59","modified_gmt":"2026-01-26T21:11:59","slug":"almofadado-historias-biblicas-com-alca-joseph-and-the-dream-coat","status":"publish","type":"product","link":"https:\/\/www.livrariarema.com.br\/loja\/produtos\/livros\/infantil\/almofadado-historias-biblicas-com-alca-joseph-and-the-dream-coat\/","title":{"rendered":"Almofadado &#8211; Hist\u00f3rias B\u00edblicas Com Al\u00e7a &#8211; Joseph And The Dream Coat"},"content":{"rendered":"<p>Join Joseph in this amazin story about stay in faithful to God. This interactive book has a prayer to share and fun touches to explore. Oh&#8230; and your little one can take it wherever they want, as it has a handle like a suitcase, meaning they are biblical stories with a handle!<\/p>\n","protected":false},"excerpt":{"rendered":"<p>Join Joseph in this amazin story about stay in faithful to God. This interactive book has a prayer to share&hellip;<\/p>\n","protected":false},"featured_media":341294,"comment_status":"open","ping_status":"closed","template":"","meta":[],"product_cat":[144,134],"product_tag":[],"_links":{"self":[{"href":"https:\/\/www.livrariarema.com.br\/loja\/wp-json\/wp\/v2\/product\/335710"}],"collection":[{"href":"https:\/\/www.livrariarema.com.br\/loja\/wp-json\/wp\/v2\/product"}],"about":[{"href":"https:\/\/www.livrariarema.com.br\/loja\/wp-json\/wp\/v2\/types\/product"}],"replies":[{"embeddable":true,"href":"https:\/\/www.livrariarema.com.br\/loja\/wp-json\/wp\/v2\/comments?post=335710"}],"wp:featuredmedia":[{"embeddable":true,"href":"https:\/\/www.livrariarema.com.br\/loja\/wp-json\/wp\/v2\/media\/341294"}],"wp:attachment":[{"href":"https:\/\/www.livrariarema.com.br\/loja\/wp-json\/wp\/v2\/media?parent=335710"}],"wp:term":[{"taxonomy":"product_cat","embeddable":true,"href":"https:\/\/www.livrariarema.com.br\/loja\/wp-json\/wp\/v2\/product_cat?post=335710"},{"taxonomy":"product_tag","embeddable":true,"href":"https:\/\/www.livrariarema.com.br\/loja\/wp-json\/wp\/v2\/product_tag?post=335710"}],"curies":[{"name":"wp","href":"https:\/\/api.w.org\/{rel}","templated":true}]}}