{"id":335746,"date":"2025-08-20T13:27:44","date_gmt":"2025-08-20T16:27:44","guid":{"rendered":"https:\/\/www.livrariarema.com.br\/loja\/produtos\/sem categoria\/pista-perdida-a-sra-o-f-walton\/"},"modified":"2026-05-07T17:40:40","modified_gmt":"2026-05-07T20:40:40","slug":"pista-perdida-a-sra-o-f-walton","status":"publish","type":"product","link":"https:\/\/www.livrariarema.com.br\/loja\/produtos\/livros\/juvenil\/pista-perdida-a-sra-o-f-walton\/","title":{"rendered":"Pista Perdida, A &#8211; Sra. O. F. Walton"},"content":{"rendered":"<p>O capit\u00e3o Fortscue passou todos os seus 25 anos de vida lidando com a tens\u00e3o entre amar o mundo luxuoso no qual foi inexplicavelmente inserido e honrar seu pobre pai, o Sr. Fortscue, como manda a Lei de Deus. Sua vida est\u00e1 prestes a tomar um rumo inesperado com a morte do velho Sr. Fortscue e a descoberta da perda de toda a sua misteriosa fortuna. Mas esse cap\u00edtulo de sua vida \u00e9 encerrado de forma nebulosa quando seu pai lhe deixa uma carta para ser lida ap\u00f3s sua morte. Ser\u00e1 essa carta a solu\u00e7\u00e3o para seus problemas? Fortscue recebe a doce ajuda de Marjorie para desvendar esse mist\u00e9rio.<br \/>\nSe voc\u00ea gosta dos romances de Jane Austen e das irm\u00e3s Bront\u00eb, certamente vai se deleitar com a leitura de A pista perdida, um enredo de romance e mist\u00e9rio, repleto de refer\u00eancias e ensinamentos b\u00edblicos.<\/p>\n<p>Honra teu pai e tua m\u00e3e, para que se prolonguem os teus dias na terra que o Senhor, Teu Deus, te d\u00e1 (\u00eaxodo 6.12)<\/p>\n","protected":false},"excerpt":{"rendered":"<p>O capit\u00e3o Fortscue passou todos os seus 25 anos de vida lidando com a tens\u00e3o entre amar o mundo luxuoso&hellip;<\/p>\n","protected":false},"featured_media":335943,"comment_status":"open","ping_status":"closed","template":"","meta":[],"product_cat":[184,134],"product_tag":[],"_links":{"self":[{"href":"https:\/\/www.livrariarema.com.br\/loja\/wp-json\/wp\/v2\/product\/335746"}],"collection":[{"href":"https:\/\/www.livrariarema.com.br\/loja\/wp-json\/wp\/v2\/product"}],"about":[{"href":"https:\/\/www.livrariarema.com.br\/loja\/wp-json\/wp\/v2\/types\/product"}],"replies":[{"embeddable":true,"href":"https:\/\/www.livrariarema.com.br\/loja\/wp-json\/wp\/v2\/comments?post=335746"}],"wp:featuredmedia":[{"embeddable":true,"href":"https:\/\/www.livrariarema.com.br\/loja\/wp-json\/wp\/v2\/media\/335943"}],"wp:attachment":[{"href":"https:\/\/www.livrariarema.com.br\/loja\/wp-json\/wp\/v2\/media?parent=335746"}],"wp:term":[{"taxonomy":"product_cat","embeddable":true,"href":"https:\/\/www.livrariarema.com.br\/loja\/wp-json\/wp\/v2\/product_cat?post=335746"},{"taxonomy":"product_tag","embeddable":true,"href":"https:\/\/www.livrariarema.com.br\/loja\/wp-json\/wp\/v2\/product_tag?post=335746"}],"curies":[{"name":"wp","href":"https:\/\/api.w.org\/{rel}","templated":true}]}}