{"id":335750,"date":"2025-08-20T13:28:01","date_gmt":"2025-08-20T16:28:01","guid":{"rendered":"https:\/\/www.livrariarema.com.br\/loja\/produtos\/sem%20categoria\/contos-de-fe-e-virtudes-robert-reid-kalley\/"},"modified":"2026-05-07T17:40:24","modified_gmt":"2026-05-07T20:40:24","slug":"contos-de-fe-e-virtudes-robert-reid-kalley","status":"publish","type":"product","link":"https:\/\/www.livrariarema.com.br\/loja\/produtos\/livros\/juvenil\/contos-de-fe-e-virtudes-robert-reid-kalley\/","title":{"rendered":"Contos De F\u00e9 E Virtudes &#8211; Robert Reid Kalley"},"content":{"rendered":"<p>Escrito pelo mission\u00e1rio escoc\u00eas Robert Reid Kalley &#8211; pioneiro do protestantismo no Brasil -, este volume \u00e9 mais do que uma cole\u00e7\u00e3o de hist\u00f3rias: \u00e9 um apelo e um incentivo a uma vida de f\u00e9 e virtudes. &#8220;O barqueiro feliz&#8221;, &#8220;Hist\u00f3ria de Maria da Silva&#8221;, &#8220;Os dois soldados&#8221; e O homem diligente&#8221;: cada conto convida o leitor \u00e0 reflex\u00e3o, \u00e0 ora\u00e7\u00e3o e \u00e0 pr\u00e1tica da piedade no cotidiano.<\/p>\n<p>Com preceitos espirituais e morais e exemplos comoventes, os Contos de f\u00e9 e virtudes foram pensados para instruir moral e espiritualmente leitores de todas as idades que desejam andar segundo os caminhos do Senhor.<\/p>\n<p>Os tesouros da impiedade de nada aproveitam, mas a justi\u00e7a livra da morte. (Prov\u00e9rbios 10.2)<\/p>\n","protected":false},"excerpt":{"rendered":"<p>Escrito pelo mission\u00e1rio escoc\u00eas Robert Reid Kalley &#8211; pioneiro do protestantismo no Brasil -, este volume \u00e9 mais do que&hellip;<\/p>\n","protected":false},"featured_media":335945,"comment_status":"open","ping_status":"closed","template":"","meta":[],"product_cat":[184,134],"product_tag":[],"_links":{"self":[{"href":"https:\/\/www.livrariarema.com.br\/loja\/wp-json\/wp\/v2\/product\/335750"}],"collection":[{"href":"https:\/\/www.livrariarema.com.br\/loja\/wp-json\/wp\/v2\/product"}],"about":[{"href":"https:\/\/www.livrariarema.com.br\/loja\/wp-json\/wp\/v2\/types\/product"}],"replies":[{"embeddable":true,"href":"https:\/\/www.livrariarema.com.br\/loja\/wp-json\/wp\/v2\/comments?post=335750"}],"wp:featuredmedia":[{"embeddable":true,"href":"https:\/\/www.livrariarema.com.br\/loja\/wp-json\/wp\/v2\/media\/335945"}],"wp:attachment":[{"href":"https:\/\/www.livrariarema.com.br\/loja\/wp-json\/wp\/v2\/media?parent=335750"}],"wp:term":[{"taxonomy":"product_cat","embeddable":true,"href":"https:\/\/www.livrariarema.com.br\/loja\/wp-json\/wp\/v2\/product_cat?post=335750"},{"taxonomy":"product_tag","embeddable":true,"href":"https:\/\/www.livrariarema.com.br\/loja\/wp-json\/wp\/v2\/product_tag?post=335750"}],"curies":[{"name":"wp","href":"https:\/\/api.w.org\/{rel}","templated":true}]}}