{"id":335762,"date":"2025-08-20T13:29:12","date_gmt":"2025-08-20T16:29:12","guid":{"rendered":"https:\/\/www.livrariarema.com.br\/loja\/produtos\/sem categoria\/sob-o-sol-da-america-nanna-felix\/"},"modified":"2026-04-02T09:30:36","modified_gmt":"2026-04-02T12:30:36","slug":"sob-o-sol-da-america-nanna-felix","status":"publish","type":"product","link":"https:\/\/www.livrariarema.com.br\/loja\/produtos\/livros\/ficcao\/sob-o-sol-da-america-nanna-felix\/","title":{"rendered":"Sob O Sol Da Am\u00e9rica &#8211; Nann\u00e1 F\u00e9lix"},"content":{"rendered":"<p>Em uma terra devastada pela Guerra Civil Americana, onde cora\u00e7\u00f5es humanos tentam sobreviver dia ap\u00f3s dia, Eveline Reachenson, uma mulher forte e determinada, se v\u00ea obrigada pelo capit\u00e3o Ramis Reachenson, seu irm\u00e3o mais velho, a n\u00e3o mais trabalhar como enfermeira na guerra, sendo levada para Minnesota. A contra gosto, ela acaba permanecendo na cidade de Saint Paul, mas o que menos esperava era que em uma noite pacata, o pior viesse acontecer: sua vila \u00e9 atacada por sioux, nativos americanos. Durante o ataque, eles acabam capturando um \u00edndio ferido. Debilitado e quase sem vida, Eveline se v\u00ea frente a um novo desafio: tentar salv\u00e1-lo a todo custo, pois era o \u00fanico que conhecia o destino dos que foram capturados naquela terr\u00edvel noite. Contudo, mal sabia ela que o encontro era parte de seu prop\u00f3sito, parte de algo maior que o Criador destinou para a sua vida. Principalmente quando, depois de meses, Eveline \u00e9 capturada pelos sioux, tornando-se escrava do mesmo \u00edndio que um dia havia salvado.<\/p>\n","protected":false},"excerpt":{"rendered":"<p>Em uma terra devastada pela Guerra Civil Americana, onde cora\u00e7\u00f5es humanos tentam sobreviver dia ap\u00f3s dia, Eveline Reachenson, uma mulher&hellip;<\/p>\n","protected":false},"featured_media":346679,"comment_status":"open","ping_status":"closed","template":"","meta":[],"product_cat":[162,134],"product_tag":[],"_links":{"self":[{"href":"https:\/\/www.livrariarema.com.br\/loja\/wp-json\/wp\/v2\/product\/335762"}],"collection":[{"href":"https:\/\/www.livrariarema.com.br\/loja\/wp-json\/wp\/v2\/product"}],"about":[{"href":"https:\/\/www.livrariarema.com.br\/loja\/wp-json\/wp\/v2\/types\/product"}],"replies":[{"embeddable":true,"href":"https:\/\/www.livrariarema.com.br\/loja\/wp-json\/wp\/v2\/comments?post=335762"}],"wp:featuredmedia":[{"embeddable":true,"href":"https:\/\/www.livrariarema.com.br\/loja\/wp-json\/wp\/v2\/media\/346679"}],"wp:attachment":[{"href":"https:\/\/www.livrariarema.com.br\/loja\/wp-json\/wp\/v2\/media?parent=335762"}],"wp:term":[{"taxonomy":"product_cat","embeddable":true,"href":"https:\/\/www.livrariarema.com.br\/loja\/wp-json\/wp\/v2\/product_cat?post=335762"},{"taxonomy":"product_tag","embeddable":true,"href":"https:\/\/www.livrariarema.com.br\/loja\/wp-json\/wp\/v2\/product_tag?post=335762"}],"curies":[{"name":"wp","href":"https:\/\/api.w.org\/{rel}","templated":true}]}}