{"id":335764,"date":"2025-08-20T13:29:25","date_gmt":"2025-08-20T16:29:25","guid":{"rendered":"https:\/\/www.livrariarema.com.br\/loja\/produtos\/sem categoria\/poder-da-palavra-de-deus-o-howard-j-chidley\/"},"modified":"2025-12-19T09:41:10","modified_gmt":"2025-12-19T12:41:10","slug":"poder-da-palavra-de-deus-o-howard-j-chidley","status":"publish","type":"product","link":"https:\/\/www.livrariarema.com.br\/loja\/produtos\/livros\/ficcao\/poder-da-palavra-de-deus-o-howard-j-chidley\/","title":{"rendered":"Poder Da Palavra De Deus, O &#8211; Howard J. Chidley"},"content":{"rendered":"<p>Comece seus dias com um lembrete suave, mas poderoso: a Palavra de Deus \u00e9 viva, eficaz e fala direto ao seu cora\u00e7\u00e3o &#8211; se voc\u00ea permitir. O Poder da Palavra de Deus \u00e9 um devocional feito para quem busca se reconectar com a voz do Pai por meio de hist\u00f3rias inspiradoras e cheias de prop\u00f3sito. O livro traz 52 mensagens que alimentam a alma, trazem consolo nos momentos dif\u00edceis e desperta a esperan\u00e7a. Para complementar a sua jornada, cada reflex\u00e3o vem acompanhada de um QR Code que leva direto aos vers\u00edculos citados &#8211; \u00e9 s\u00f3 apontar a c\u00e2mera do celular e deixar que a B\u00edblia fale com voc\u00ea. Permita que o Esp\u00edrito Santo ministre ao seu cora\u00e7\u00e3o.<\/p>\n","protected":false},"excerpt":{"rendered":"<p>Comece seus dias com um lembrete suave, mas poderoso: a Palavra de Deus \u00e9 viva, eficaz e fala direto ao&hellip;<\/p>\n","protected":false},"featured_media":341929,"comment_status":"open","ping_status":"closed","template":"","meta":[],"product_cat":[162,134],"product_tag":[],"_links":{"self":[{"href":"https:\/\/www.livrariarema.com.br\/loja\/wp-json\/wp\/v2\/product\/335764"}],"collection":[{"href":"https:\/\/www.livrariarema.com.br\/loja\/wp-json\/wp\/v2\/product"}],"about":[{"href":"https:\/\/www.livrariarema.com.br\/loja\/wp-json\/wp\/v2\/types\/product"}],"replies":[{"embeddable":true,"href":"https:\/\/www.livrariarema.com.br\/loja\/wp-json\/wp\/v2\/comments?post=335764"}],"wp:featuredmedia":[{"embeddable":true,"href":"https:\/\/www.livrariarema.com.br\/loja\/wp-json\/wp\/v2\/media\/341929"}],"wp:attachment":[{"href":"https:\/\/www.livrariarema.com.br\/loja\/wp-json\/wp\/v2\/media?parent=335764"}],"wp:term":[{"taxonomy":"product_cat","embeddable":true,"href":"https:\/\/www.livrariarema.com.br\/loja\/wp-json\/wp\/v2\/product_cat?post=335764"},{"taxonomy":"product_tag","embeddable":true,"href":"https:\/\/www.livrariarema.com.br\/loja\/wp-json\/wp\/v2\/product_tag?post=335764"}],"curies":[{"name":"wp","href":"https:\/\/api.w.org\/{rel}","templated":true}]}}