{"id":335768,"date":"2025-08-20T13:29:44","date_gmt":"2025-08-20T16:29:44","guid":{"rendered":"https:\/\/www.livrariarema.com.br\/loja\/produtos\/sem categoria\/peregrino-o-john-bunyan-6\/"},"modified":"2026-04-20T15:10:34","modified_gmt":"2026-04-20T18:10:34","slug":"peregrino-o-john-bunyan-6","status":"publish","type":"product","link":"https:\/\/www.livrariarema.com.br\/loja\/produtos\/livros\/ficcao\/peregrino-o-john-bunyan-6\/","title":{"rendered":"Peregrino, O &#8211; John Bunyan &#8211;"},"content":{"rendered":"<p>Publicado pela primeira vez em 1678, &#8220;O Peregrino&#8221; \u00e9 uma das obras mais influentes da literatura crist\u00e3 de todos os tempos. Escrita sob a forma de uma alegoria, ela narra a jornada de um homem comum, chamado Crist\u00e3o, que abandona a Cidade da Destrui\u00e7\u00e3o e atravessa vales escuros, p\u00e2ntanos, fortalezas e tenta\u00e7\u00f5es, em busca da salva\u00e7\u00e3o de sua alma. Traduzido em centenas de idiomas e continuamente reeditado h\u00e1 mais de tr\u00eas s\u00e9culos, este livro combina simplicidade narrativa com profundidade teol\u00f3gica e existencial. Um cl\u00e1ssico que atravessa gera\u00e7\u00f5es e permanece atual &#8211; para quem busca f\u00e9, sentido e transforma\u00e7\u00e3o.<\/p>\n","protected":false},"excerpt":{"rendered":"<p>Publicado pela primeira vez em 1678, &#8220;O Peregrino&#8221; \u00e9 uma das obras mais influentes da literatura crist\u00e3 de todos os&hellip;<\/p>\n","protected":false},"featured_media":335767,"comment_status":"open","ping_status":"closed","template":"","meta":[],"product_cat":[162,134],"product_tag":[],"_links":{"self":[{"href":"https:\/\/www.livrariarema.com.br\/loja\/wp-json\/wp\/v2\/product\/335768"}],"collection":[{"href":"https:\/\/www.livrariarema.com.br\/loja\/wp-json\/wp\/v2\/product"}],"about":[{"href":"https:\/\/www.livrariarema.com.br\/loja\/wp-json\/wp\/v2\/types\/product"}],"replies":[{"embeddable":true,"href":"https:\/\/www.livrariarema.com.br\/loja\/wp-json\/wp\/v2\/comments?post=335768"}],"wp:featuredmedia":[{"embeddable":true,"href":"https:\/\/www.livrariarema.com.br\/loja\/wp-json\/wp\/v2\/media\/335767"}],"wp:attachment":[{"href":"https:\/\/www.livrariarema.com.br\/loja\/wp-json\/wp\/v2\/media?parent=335768"}],"wp:term":[{"taxonomy":"product_cat","embeddable":true,"href":"https:\/\/www.livrariarema.com.br\/loja\/wp-json\/wp\/v2\/product_cat?post=335768"},{"taxonomy":"product_tag","embeddable":true,"href":"https:\/\/www.livrariarema.com.br\/loja\/wp-json\/wp\/v2\/product_tag?post=335768"}],"curies":[{"name":"wp","href":"https:\/\/api.w.org\/{rel}","templated":true}]}}