{"id":335777,"date":"2025-08-20T13:30:43","date_gmt":"2025-08-20T16:30:43","guid":{"rendered":"https:\/\/www.livrariarema.com.br\/loja\/produtos\/sem categoria\/box-mini-6-historias-biblicas-6-livros-cartonados-laranja\/"},"modified":"2026-03-05T09:41:17","modified_gmt":"2026-03-05T12:41:17","slug":"box-mini-6-historias-biblicas-6-livros-cartonados-laranja","status":"publish","type":"product","link":"https:\/\/www.livrariarema.com.br\/loja\/produtos\/livros\/infantil\/box-mini-6-historias-biblicas-6-livros-cartonados-laranja\/","title":{"rendered":"Box Mini 6 &#8211; Hist\u00f3rias B\u00edblicas &#8211; 6 Livros Cartonados &#8211; Laranja"},"content":{"rendered":"<p>Conhe\u00e7a as hist\u00f3rias de Ad\u00e3o e Eva, Abra\u00e3o e de outros personagens b\u00edblicos com esta linda cole\u00e7\u00e3o feita especialmente para voc\u00ea.<\/p>\n","protected":false},"excerpt":{"rendered":"<p>Conhe\u00e7a as hist\u00f3rias de Ad\u00e3o e Eva, Abra\u00e3o e de outros personagens b\u00edblicos com esta linda cole\u00e7\u00e3o feita especialmente para&hellip;<\/p>\n","protected":false},"featured_media":335776,"comment_status":"open","ping_status":"closed","template":"","meta":[],"product_cat":[144,134],"product_tag":[],"_links":{"self":[{"href":"https:\/\/www.livrariarema.com.br\/loja\/wp-json\/wp\/v2\/product\/335777"}],"collection":[{"href":"https:\/\/www.livrariarema.com.br\/loja\/wp-json\/wp\/v2\/product"}],"about":[{"href":"https:\/\/www.livrariarema.com.br\/loja\/wp-json\/wp\/v2\/types\/product"}],"replies":[{"embeddable":true,"href":"https:\/\/www.livrariarema.com.br\/loja\/wp-json\/wp\/v2\/comments?post=335777"}],"wp:featuredmedia":[{"embeddable":true,"href":"https:\/\/www.livrariarema.com.br\/loja\/wp-json\/wp\/v2\/media\/335776"}],"wp:attachment":[{"href":"https:\/\/www.livrariarema.com.br\/loja\/wp-json\/wp\/v2\/media?parent=335777"}],"wp:term":[{"taxonomy":"product_cat","embeddable":true,"href":"https:\/\/www.livrariarema.com.br\/loja\/wp-json\/wp\/v2\/product_cat?post=335777"},{"taxonomy":"product_tag","embeddable":true,"href":"https:\/\/www.livrariarema.com.br\/loja\/wp-json\/wp\/v2\/product_tag?post=335777"}],"curies":[{"name":"wp","href":"https:\/\/api.w.org\/{rel}","templated":true}]}}