{"id":335798,"date":"2025-08-20T14:10:07","date_gmt":"2025-08-20T17:10:07","guid":{"rendered":"https:\/\/www.livrariarema.com.br\/loja\/produtos\/sem%20categoria\/3-cores-dos-seus-dons-as-christian-a-schwarz\/"},"modified":"2025-11-05T08:32:55","modified_gmt":"2025-11-05T11:32:55","slug":"3-cores-dos-seus-dons-as-christian-a-schwarz","status":"publish","type":"product","link":"https:\/\/www.livrariarema.com.br\/loja\/produtos\/livros\/ministerio\/3-cores-dos-seus-dons-as-christian-a-schwarz\/","title":{"rendered":"3 Cores Dos Seus Dons, As &#8211; Christian A. Schwarz"},"content":{"rendered":"<p>As 3 Cores dos Seus Dons \u00e9 uma ajuda para cada crist\u00e3o reconhecer e desenvolver o potencial que Deus lhe deu. O livro se baseia na tr\u00edplice revela\u00e7\u00e3o de Deus, para as quais o autor usa as cores verde, vermelha e azul. \u00c9 uma orienta\u00e7\u00e3o pr\u00e1tica de como os crist\u00e3os podem viver autenticamente e usar de uma maneira eficaz os seus dons de maneira trinit\u00e1ria. O resultado desta abordagem \u00e9 alegria em ser crist\u00e3o, poder para o minist\u00e9rio e um maior equil\u00edbrio nas igrejas.<\/p>\n<p>DNI &#8211; Desenvolvimento Natural da Igreja \u00e9 o nome de uma s\u00e9rie de livros lan\u00e7ada simultaneamente em v\u00e1rios idiomas, em uma coprodu\u00e7\u00e3o internacional. Todos os livros da s\u00e9rie &#8220;Recursos Pr\u00e1ticos&#8221;baseiam-se nos princ\u00edpios do Desenvolvimento Natural da Igreja (Natural Church Development &#8211; NCD), sendo que cada livro \u00e9 dedicado a uma das 8 marcas de qualidade de igrejas que crescem. Desenvolvimento natural da igreja significa &#8220;libera\u00e7\u00e3o do potencial dado por Deus \u00e0 igreja&#8221;, em vez de tentar a edifica\u00e7\u00e3o da igreja com esfor\u00e7o pr\u00f3prio.<\/p>\n<p>Sobre o autor:<br \/>\nChristian Andreas Schwarz, nascido em 27\/3\/1960, \u00e9 um autor alem\u00e3o, conferencista, pesquisador, fundado e presidente do Natural Church Development, NCD International, sediado na Alemanha. Os seus livros sobre teologia e pr\u00e1tica do desenvolvimento da igreja j\u00e1 foram publicados em mais de 40 idiomas. Nos \u00faltimos anos, seu instituto trabalhou com mais de 60 mil igrejas em 70 pa\u00edses. Nos seus escritos e semin\u00e1rios, Christian tem se concentrado em apresentar conceitos teol\u00f3gicos complicados de maneira que possam ser entendidos e aplicados por uma ampla audi\u00eancia. \u00c9 especialista no tema de crescimento saud\u00e1vel de igrejas em todo o mundo.<\/p>\n<p>Categoria: Igreja, cristianismo, vida crist\u00e3, relacionamentos, amor, crescimento da igreja, DNI, pesquisa com igrejas.<\/p>\n<p>P\u00fablico-alvo: Pastores, ministros, consultores, l\u00edderes de minist\u00e9rios, docentes e discentes de Teologia, leitores em geral. <\/p>\n<p>Prop\u00f3sito: Compreens\u00e3o dos dons espirituais, avalia\u00e7\u00e3o para a identifica\u00e7\u00e3o, uso e aplica\u00e7\u00e3o do dom natural e pessoal visando \u00e0 edifica\u00e7\u00e3o e crescimento do corpo, a Igreja.<\/p>\n","protected":false},"excerpt":{"rendered":"<p>As 3 Cores dos Seus Dons \u00e9 uma ajuda para cada crist\u00e3o reconhecer e desenvolver o potencial que Deus lhe&hellip;<\/p>\n","protected":false},"featured_media":339615,"comment_status":"open","ping_status":"closed","template":"","meta":[],"product_cat":[134,148],"product_tag":[],"_links":{"self":[{"href":"https:\/\/www.livrariarema.com.br\/loja\/wp-json\/wp\/v2\/product\/335798"}],"collection":[{"href":"https:\/\/www.livrariarema.com.br\/loja\/wp-json\/wp\/v2\/product"}],"about":[{"href":"https:\/\/www.livrariarema.com.br\/loja\/wp-json\/wp\/v2\/types\/product"}],"replies":[{"embeddable":true,"href":"https:\/\/www.livrariarema.com.br\/loja\/wp-json\/wp\/v2\/comments?post=335798"}],"wp:featuredmedia":[{"embeddable":true,"href":"https:\/\/www.livrariarema.com.br\/loja\/wp-json\/wp\/v2\/media\/339615"}],"wp:attachment":[{"href":"https:\/\/www.livrariarema.com.br\/loja\/wp-json\/wp\/v2\/media?parent=335798"}],"wp:term":[{"taxonomy":"product_cat","embeddable":true,"href":"https:\/\/www.livrariarema.com.br\/loja\/wp-json\/wp\/v2\/product_cat?post=335798"},{"taxonomy":"product_tag","embeddable":true,"href":"https:\/\/www.livrariarema.com.br\/loja\/wp-json\/wp\/v2\/product_tag?post=335798"}],"curies":[{"name":"wp","href":"https:\/\/api.w.org\/{rel}","templated":true}]}}