{"id":335800,"date":"2025-08-20T14:10:23","date_gmt":"2025-08-20T17:10:23","guid":{"rendered":"https:\/\/www.livrariarema.com.br\/loja\/produtos\/sem%20categoria\/3-cores-da-lideranca-as-christian-a-schwarz\/"},"modified":"2025-11-25T15:59:40","modified_gmt":"2025-11-25T18:59:40","slug":"3-cores-da-lideranca-as-christian-a-schwarz","status":"publish","type":"product","link":"https:\/\/www.livrariarema.com.br\/loja\/produtos\/livros\/lideranca\/3-cores-da-lideranca-as-christian-a-schwarz\/","title":{"rendered":"3 Cores Da Lideran\u00e7a, As &#8211; Christian A. Schwarz"},"content":{"rendered":"<p>PARA A MARCA DE QUALIDADE DO DNI: LIDERAN\u00c7A CAPACITADORA.<\/p>\n<p>As 3 Cores da Lideran\u00e7a apresenta uma nova \u00f3tica para a lideran\u00e7a. Se voc\u00ea \u00e9 um l\u00edder estabelecido ou em desenvolvimento ser\u00e1 enriquecido por esta leitura preparando-o de tal forma que se sentir\u00e1 apto para capacitar outros. Baseado em uma pesquisa mundial entre 10 mil l\u00edderes, este livro retrata os 6 princ\u00edpios fundamentais de lideran\u00e7a que qualquer um pode aprender. Um teste online, fornecido gratuitamente, o ajudar\u00e1 a desenvolver seu plano de treinamento personalizado.<\/p>\n<p>DNI &#8211; Desenvolvimento Natural da Igreja \u00e9 o nome de uma s\u00e9rie de livros lan\u00e7ada simultaneamente em v\u00e1rios idiomas, em uma coprodu\u00e7\u00e3o internacional. Todos os livros da s\u00e9rie &#8220;Recursos Pr\u00e1ticos&#8221;baseiam-se nos princ\u00edpios do Desenvolvimento Natural da Igreja (Natural Church Development &#8211; NCD), sendo que cada livro \u00e9 dedicado a uma das 8 marcas de qualidade de igrejas que crescem. Desenvolvimento natural da igreja significa &#8220;libera\u00e7\u00e3o do potencial dado por Deus \u00e0 igreja&#8221;, em vez de tentar a edifica\u00e7\u00e3o da igreja com esfor\u00e7o pr\u00f3prio.<\/p>\n","protected":false},"excerpt":{"rendered":"<p>PARA A MARCA DE QUALIDADE DO DNI: LIDERAN\u00c7A CAPACITADORA. As 3 Cores da Lideran\u00e7a apresenta uma nova \u00f3tica para a&hellip;<\/p>\n","protected":false},"featured_media":341502,"comment_status":"open","ping_status":"closed","template":"","meta":[],"product_cat":[153,134],"product_tag":[],"_links":{"self":[{"href":"https:\/\/www.livrariarema.com.br\/loja\/wp-json\/wp\/v2\/product\/335800"}],"collection":[{"href":"https:\/\/www.livrariarema.com.br\/loja\/wp-json\/wp\/v2\/product"}],"about":[{"href":"https:\/\/www.livrariarema.com.br\/loja\/wp-json\/wp\/v2\/types\/product"}],"replies":[{"embeddable":true,"href":"https:\/\/www.livrariarema.com.br\/loja\/wp-json\/wp\/v2\/comments?post=335800"}],"wp:featuredmedia":[{"embeddable":true,"href":"https:\/\/www.livrariarema.com.br\/loja\/wp-json\/wp\/v2\/media\/341502"}],"wp:attachment":[{"href":"https:\/\/www.livrariarema.com.br\/loja\/wp-json\/wp\/v2\/media?parent=335800"}],"wp:term":[{"taxonomy":"product_cat","embeddable":true,"href":"https:\/\/www.livrariarema.com.br\/loja\/wp-json\/wp\/v2\/product_cat?post=335800"},{"taxonomy":"product_tag","embeddable":true,"href":"https:\/\/www.livrariarema.com.br\/loja\/wp-json\/wp\/v2\/product_tag?post=335800"}],"curies":[{"name":"wp","href":"https:\/\/api.w.org\/{rel}","templated":true}]}}