{"id":335806,"date":"2025-08-20T14:14:13","date_gmt":"2025-08-20T17:14:13","guid":{"rendered":"https:\/\/www.livrariarema.com.br\/loja\/produtos\/sem categoria\/box-mini-6-historias-biblicas-6-livros-cartonados-azul\/"},"modified":"2026-03-30T13:40:45","modified_gmt":"2026-03-30T16:40:45","slug":"box-mini-6-historias-biblicas-6-livros-cartonados-azul","status":"publish","type":"product","link":"https:\/\/www.livrariarema.com.br\/loja\/produtos\/livros\/infantil\/box-mini-6-historias-biblicas-6-livros-cartonados-azul\/","title":{"rendered":"Box Mini 6 &#8211; Hist\u00f3rias B\u00edblicas &#8211; 6 Livros Cartonados &#8211; Azul"},"content":{"rendered":"<p>Descubra o que aconteceu com Daniel quando foi lan\u00e7ado na cova dos le\u00f5es, como foi o nascimento de Jesus e leia tamb\u00e9m outras lindas hist\u00f3rias nesta cole\u00e7\u00e3o feita especialmente para voc\u00ea.<\/p>\n","protected":false},"excerpt":{"rendered":"<p>Descubra o que aconteceu com Daniel quando foi lan\u00e7ado na cova dos le\u00f5es, como foi o nascimento de Jesus e&hellip;<\/p>\n","protected":false},"featured_media":346704,"comment_status":"open","ping_status":"closed","template":"","meta":[],"product_cat":[144,134],"product_tag":[],"_links":{"self":[{"href":"https:\/\/www.livrariarema.com.br\/loja\/wp-json\/wp\/v2\/product\/335806"}],"collection":[{"href":"https:\/\/www.livrariarema.com.br\/loja\/wp-json\/wp\/v2\/product"}],"about":[{"href":"https:\/\/www.livrariarema.com.br\/loja\/wp-json\/wp\/v2\/types\/product"}],"replies":[{"embeddable":true,"href":"https:\/\/www.livrariarema.com.br\/loja\/wp-json\/wp\/v2\/comments?post=335806"}],"wp:featuredmedia":[{"embeddable":true,"href":"https:\/\/www.livrariarema.com.br\/loja\/wp-json\/wp\/v2\/media\/346704"}],"wp:attachment":[{"href":"https:\/\/www.livrariarema.com.br\/loja\/wp-json\/wp\/v2\/media?parent=335806"}],"wp:term":[{"taxonomy":"product_cat","embeddable":true,"href":"https:\/\/www.livrariarema.com.br\/loja\/wp-json\/wp\/v2\/product_cat?post=335806"},{"taxonomy":"product_tag","embeddable":true,"href":"https:\/\/www.livrariarema.com.br\/loja\/wp-json\/wp\/v2\/product_tag?post=335806"}],"curies":[{"name":"wp","href":"https:\/\/api.w.org\/{rel}","templated":true}]}}