{"id":335810,"date":"2025-08-20T14:15:04","date_gmt":"2025-08-20T17:15:04","guid":{"rendered":"https:\/\/www.livrariarema.com.br\/loja\/produtos\/sem categoria\/poliana-eleanor-h-porter\/"},"modified":"2025-12-22T12:32:15","modified_gmt":"2025-12-22T15:32:15","slug":"poliana-eleanor-h-porter","status":"publish","type":"product","link":"https:\/\/www.livrariarema.com.br\/loja\/produtos\/livros\/juvenil\/poliana-eleanor-h-porter\/","title":{"rendered":"Poliana &#8211; Eleanor H. Porter"},"content":{"rendered":"<p>A inf\u00e2ncia sofrida, a perda dos pais e a mudan\u00e7a para a casa da tia, com quem nunca tivera contato algum, n\u00e3o foram capazes de tirar o brilho dos olhos e a contagiante alegria da pequena Poliana. Olhando o mundo sob uma \u00f3tica imensamente positiva, a garota contagia crian\u00e7as e adultos com sua inoc\u00eancia e peculiar presen\u00e7a de esp\u00edrito.<\/p>\n","protected":false},"excerpt":{"rendered":"<p>A inf\u00e2ncia sofrida, a perda dos pais e a mudan\u00e7a para a casa da tia, com quem nunca tivera contato&hellip;<\/p>\n","protected":false},"featured_media":335809,"comment_status":"open","ping_status":"closed","template":"","meta":[],"product_cat":[184,134],"product_tag":[],"_links":{"self":[{"href":"https:\/\/www.livrariarema.com.br\/loja\/wp-json\/wp\/v2\/product\/335810"}],"collection":[{"href":"https:\/\/www.livrariarema.com.br\/loja\/wp-json\/wp\/v2\/product"}],"about":[{"href":"https:\/\/www.livrariarema.com.br\/loja\/wp-json\/wp\/v2\/types\/product"}],"replies":[{"embeddable":true,"href":"https:\/\/www.livrariarema.com.br\/loja\/wp-json\/wp\/v2\/comments?post=335810"}],"wp:featuredmedia":[{"embeddable":true,"href":"https:\/\/www.livrariarema.com.br\/loja\/wp-json\/wp\/v2\/media\/335809"}],"wp:attachment":[{"href":"https:\/\/www.livrariarema.com.br\/loja\/wp-json\/wp\/v2\/media?parent=335810"}],"wp:term":[{"taxonomy":"product_cat","embeddable":true,"href":"https:\/\/www.livrariarema.com.br\/loja\/wp-json\/wp\/v2\/product_cat?post=335810"},{"taxonomy":"product_tag","embeddable":true,"href":"https:\/\/www.livrariarema.com.br\/loja\/wp-json\/wp\/v2\/product_tag?post=335810"}],"curies":[{"name":"wp","href":"https:\/\/api.w.org\/{rel}","templated":true}]}}