{"id":335833,"date":"2025-08-20T14:18:07","date_gmt":"2025-08-20T17:18:07","guid":{"rendered":"https:\/\/www.livrariarema.com.br\/loja\/produtos\/sem%20categoria\/adolescente-iara-suckow-barbosa-2a-edicao\/"},"modified":"2026-04-28T09:53:30","modified_gmt":"2026-04-28T12:53:30","slug":"adolescente-iara-suckow-barbosa-2a-edicao","status":"publish","type":"product","link":"https:\/\/www.livrariarema.com.br\/loja\/produtos\/livros\/adolescente\/adolescente-iara-suckow-barbosa-2a-edicao\/","title":{"rendered":"Adolescente &#8211; Iara Suckow Barbosa &#8211; 2A Edi\u00e7\u00e3o"},"content":{"rendered":"<p>Adolescente<br \/>\nEu j\u00e1 fui, meu filho \u00e9&#8230; por que somos t\u00e3o diferentes?<\/p>\n<p>Nossa vida n\u00e3o \u00e9 exata como contas matem\u00e1ticas. Por isso cada gera\u00e7\u00e3o (em cada \u00e9poca) busca solucionar os enigmas da fase mais bela e confusa da exist\u00eancia humana: a adolesc\u00eancia. <br \/>\nNeste livro que re\u00fane as reflex\u00f5es da Dr\u00aa Iara S. Barbosa, pais e adolescentes encontrar\u00e3o &#8220;luz&#8221; para os momentos de tempestades emocionais e para os desafios da constru\u00e7\u00e3o da autoimagem. Ter\u00e3o perspectivas enriquecedoras para entender as transforma\u00e7\u00f5es internas e externas pelas quais est\u00e3o passando.<br \/>\nSe pais aprenderem a olhar a realidade com os olhos dos adolescentes e os adolescentes, a entender melhor a vis\u00e3o dos pais, formar\u00e3o um elo de amizade que ser\u00e1 mais forte a cada nova conversa, fortalecendo os v\u00ednculos familiares.<br \/>\nO leitor ficar\u00e1 surpreso com os resultados!<\/p>\n","protected":false},"excerpt":{"rendered":"<p>Adolescente Eu j\u00e1 fui, meu filho \u00e9&#8230; por que somos t\u00e3o diferentes? Nossa vida n\u00e3o \u00e9 exata como contas matem\u00e1ticas.&hellip;<\/p>\n","protected":false},"featured_media":347440,"comment_status":"open","ping_status":"closed","template":"","meta":[],"product_cat":[186,134],"product_tag":[],"_links":{"self":[{"href":"https:\/\/www.livrariarema.com.br\/loja\/wp-json\/wp\/v2\/product\/335833"}],"collection":[{"href":"https:\/\/www.livrariarema.com.br\/loja\/wp-json\/wp\/v2\/product"}],"about":[{"href":"https:\/\/www.livrariarema.com.br\/loja\/wp-json\/wp\/v2\/types\/product"}],"replies":[{"embeddable":true,"href":"https:\/\/www.livrariarema.com.br\/loja\/wp-json\/wp\/v2\/comments?post=335833"}],"wp:featuredmedia":[{"embeddable":true,"href":"https:\/\/www.livrariarema.com.br\/loja\/wp-json\/wp\/v2\/media\/347440"}],"wp:attachment":[{"href":"https:\/\/www.livrariarema.com.br\/loja\/wp-json\/wp\/v2\/media?parent=335833"}],"wp:term":[{"taxonomy":"product_cat","embeddable":true,"href":"https:\/\/www.livrariarema.com.br\/loja\/wp-json\/wp\/v2\/product_cat?post=335833"},{"taxonomy":"product_tag","embeddable":true,"href":"https:\/\/www.livrariarema.com.br\/loja\/wp-json\/wp\/v2\/product_tag?post=335833"}],"curies":[{"name":"wp","href":"https:\/\/api.w.org\/{rel}","templated":true}]}}