{"id":335839,"date":"2025-08-20T14:18:43","date_gmt":"2025-08-20T17:18:43","guid":{"rendered":"https:\/\/www.livrariarema.com.br\/loja\/produtos\/sem%20categoria\/aprenda-a-orar-com-jesus-paschoal-piragine-junior\/"},"modified":"2026-01-26T16:16:08","modified_gmt":"2026-01-26T19:16:08","slug":"aprenda-a-orar-com-jesus-paschoal-piragine-junior","status":"publish","type":"product","link":"https:\/\/www.livrariarema.com.br\/loja\/produtos\/livros\/oracao\/aprenda-a-orar-com-jesus-paschoal-piragine-junior\/","title":{"rendered":"Aprenda A Orar Com Jesus &#8211; Paschoal Piragine Junior"},"content":{"rendered":"<p>Por que, como e o que devemos orar?<br \/>\nCerta vez, os disc\u00edpulos que andavam com Jesus pediram para o Mestre: Ensina-nos a orar (Lc 11.1). Eles foram atendidos com a extraordin\u00e1ria ora\u00e7\u00e3o que conhecemos como &#8220;Pai Nosso&#8221;.<br \/>\nNeste livro, o Pr. Paschoal Piragine Junior parte dessa passagem b\u00edblica e nos leva ao entendimento desse aprendizado. Em uma leitura cativante, dividida em quatro partes, o autor nos mostra, a partir de sua pr\u00f3pria vida de ora\u00e7\u00e3o, &#8220;por que&#8221;, &#8220;como&#8221; e &#8220;o que&#8221; devemos orar, juntamente com &#8220;os segredos da ora\u00e7\u00e3o&#8221;.<br \/>\nFalar com Deus e ouvi-lo \u00e9 um privil\u00e9gio! Este livro, escrito com piedade e temor, revela o poder do relacionamento profundo e pessoal com Deus, por meio da ora\u00e7\u00e3o.<\/p>\n<p>&#8220;\u00c9 uma honra apresentar e recomendar aos leitores esta excelente obra, Aprenda a orar com Jesus, da lavra do eminente pastor, Paschoal Piragine J\u00fanior. Fa\u00e7o-o com v\u00edvido entusiasmo e isso porque Paschoal \u00e9 um dos pastores mais respeitados em nossa na\u00e7\u00e3o, tanto pela sua piedade como pela sua experi\u00eancia pastoral. Tamb\u00e9m, porque a vida do autor \u00e9 avalista de sua obra. Ele n\u00e3o apenas fala de ora\u00e7\u00e3o, mas tamb\u00e9m \u00e9 um homem de ora\u00e7\u00e3o. Outrossim, porque ele trata do assunto com profundidade teol\u00f3gica, rigor exeg\u00e9tico e riqueza de detalhes. Ler este livro \u00e9 matricular-se na escola da ora\u00e7\u00e3o. E aprender a orar com Jesus, o nosso glorioso Redentor. Este livro trar\u00e1 luz \u00e0 mente e despertamento para seu cora\u00e7\u00e3o.&#8221;<br \/>\nHernandes Dias Lopes <\/p>\n","protected":false},"excerpt":{"rendered":"<p>Por que, como e o que devemos orar? Certa vez, os disc\u00edpulos que andavam com Jesus pediram para o Mestre:&hellip;<\/p>\n","protected":false},"featured_media":343104,"comment_status":"open","ping_status":"closed","template":"","meta":[],"product_cat":[134,171],"product_tag":[],"_links":{"self":[{"href":"https:\/\/www.livrariarema.com.br\/loja\/wp-json\/wp\/v2\/product\/335839"}],"collection":[{"href":"https:\/\/www.livrariarema.com.br\/loja\/wp-json\/wp\/v2\/product"}],"about":[{"href":"https:\/\/www.livrariarema.com.br\/loja\/wp-json\/wp\/v2\/types\/product"}],"replies":[{"embeddable":true,"href":"https:\/\/www.livrariarema.com.br\/loja\/wp-json\/wp\/v2\/comments?post=335839"}],"wp:featuredmedia":[{"embeddable":true,"href":"https:\/\/www.livrariarema.com.br\/loja\/wp-json\/wp\/v2\/media\/343104"}],"wp:attachment":[{"href":"https:\/\/www.livrariarema.com.br\/loja\/wp-json\/wp\/v2\/media?parent=335839"}],"wp:term":[{"taxonomy":"product_cat","embeddable":true,"href":"https:\/\/www.livrariarema.com.br\/loja\/wp-json\/wp\/v2\/product_cat?post=335839"},{"taxonomy":"product_tag","embeddable":true,"href":"https:\/\/www.livrariarema.com.br\/loja\/wp-json\/wp\/v2\/product_tag?post=335839"}],"curies":[{"name":"wp","href":"https:\/\/api.w.org\/{rel}","templated":true}]}}