{"id":335841,"date":"2025-08-20T14:18:49","date_gmt":"2025-08-20T17:18:49","guid":{"rendered":"https:\/\/www.livrariarema.com.br\/loja\/produtos\/sem%20categoria\/assistindo-deus-trabalhar-stephanie-smith\/"},"modified":"2026-01-27T09:01:56","modified_gmt":"2026-01-27T12:01:56","slug":"assistindo-deus-trabalhar-stephanie-smith","status":"publish","type":"product","link":"https:\/\/www.livrariarema.com.br\/loja\/produtos\/livros\/biografia\/assistindo-deus-trabalhar-stephanie-smith\/","title":{"rendered":"Assistindo Deus Trabalhar &#8211; Stephanie Smith"},"content":{"rendered":"<p>Cartas de esperan\u00e7a e salva\u00e7\u00e3o! <\/p>\n<p>Duas jovens mission\u00e1rias, um chamado inabal\u00e1vel e uma tribo inteira \u00e0 espera da Palavra de Deus.<br \/>\nMiriam Abbott e Jane Burns deixaram tudo para tr\u00e1s e embarcaram em uma jornada transformadora no cora\u00e7\u00e3o da selva amaz\u00f4nica. Movidas pela f\u00e9 e pelo desejo ardente de compartilhar o evangelho, elas enfrentaram desafios culturais, espirituais e de sa\u00fade para levar a mensagem de salva\u00e7\u00e3o ao povo Macuxi.<br \/>\nAtrav\u00e9s de suas cartas &#8211; editadas e contextualizadas por Stephanie Smith &#8211; conhecemos os bastidores dessa miss\u00e3o extraordin\u00e1ria. Vemos Deus agir enquanto elas ensinam, traduzem, curam e comunicam sua f\u00e9 de maneiras inimagin\u00e1veis, usando o evangelismo m\u00e9dico, a alfabetiza\u00e7\u00e3o, o r\u00e1dio e a educa\u00e7\u00e3o.<br \/>\nMais do que um relato inspirador, &#8220;Assistindo Deus Trabalhar&#8221; \u00e9 um convite para refletir: Como Deus pode agir atrav\u00e9s da minha vida?<\/p>\n","protected":false},"excerpt":{"rendered":"<p>Cartas de esperan\u00e7a e salva\u00e7\u00e3o! Duas jovens mission\u00e1rias, um chamado inabal\u00e1vel e uma tribo inteira \u00e0 espera da Palavra de&hellip;<\/p>\n","protected":false},"featured_media":343168,"comment_status":"open","ping_status":"closed","template":"","meta":[],"product_cat":[181,134],"product_tag":[],"_links":{"self":[{"href":"https:\/\/www.livrariarema.com.br\/loja\/wp-json\/wp\/v2\/product\/335841"}],"collection":[{"href":"https:\/\/www.livrariarema.com.br\/loja\/wp-json\/wp\/v2\/product"}],"about":[{"href":"https:\/\/www.livrariarema.com.br\/loja\/wp-json\/wp\/v2\/types\/product"}],"replies":[{"embeddable":true,"href":"https:\/\/www.livrariarema.com.br\/loja\/wp-json\/wp\/v2\/comments?post=335841"}],"wp:featuredmedia":[{"embeddable":true,"href":"https:\/\/www.livrariarema.com.br\/loja\/wp-json\/wp\/v2\/media\/343168"}],"wp:attachment":[{"href":"https:\/\/www.livrariarema.com.br\/loja\/wp-json\/wp\/v2\/media?parent=335841"}],"wp:term":[{"taxonomy":"product_cat","embeddable":true,"href":"https:\/\/www.livrariarema.com.br\/loja\/wp-json\/wp\/v2\/product_cat?post=335841"},{"taxonomy":"product_tag","embeddable":true,"href":"https:\/\/www.livrariarema.com.br\/loja\/wp-json\/wp\/v2\/product_tag?post=335841"}],"curies":[{"name":"wp","href":"https:\/\/api.w.org\/{rel}","templated":true}]}}