{"id":335843,"date":"2025-08-20T14:18:54","date_gmt":"2025-08-20T17:18:54","guid":{"rendered":"https:\/\/www.livrariarema.com.br\/loja\/produtos\/sem categoria\/biblia-e-a-missao-a-timoteo-carriker\/"},"modified":"2025-11-05T08:36:35","modified_gmt":"2025-11-05T11:36:35","slug":"biblia-e-a-missao-a-timoteo-carriker","status":"publish","type":"product","link":"https:\/\/www.livrariarema.com.br\/loja\/produtos\/livros\/evangelismo-missoes\/biblia-e-a-missao-a-timoteo-carriker\/","title":{"rendered":"B\u00edblia E A Miss\u00e3o, A &#8211; Tim\u00f3teo Carriker"},"content":{"rendered":"<p>O que a B\u00edblia fala sobre miss\u00e3o? <br \/>\nA B\u00edblia \u00e9, por ess\u00eancia, mission\u00e1ria. Em A B\u00edblia e a Miss\u00e3o, Tim\u00f3teo Carriker conduz o leitor por uma jornada profunda e reveladora, explorando o elo insepar\u00e1vel entre as Escrituras e o prop\u00f3sito redentor de Deus para toda a humanidade.<\/p>\n<p>Com linguagem acess\u00edvel e abordagem pastoral, o autor responde a perguntas fundamentais:<br \/>\nComo devemos ler a B\u00edblia?<br \/>\nQual o papel das Escrituras na miss\u00e3o de Deus?<br \/>\nDe que forma essa leitura molda nossa vida, voca\u00e7\u00e3o e compromisso com o Reino?<\/p>\n<p>Carriker oferece uma perspectiva rica sobre a autoridade b\u00edblica, contextualizada na hist\u00f3ria mission\u00e1ria da igreja, e prop\u00f5e uma hermen\u00eautica que desperta vis\u00e3o, paix\u00e3o e engajamento.<\/p>\n<p>Este livro \u00e9 um convite \u00e0 leitura transformadora da Palavra &#8211; com o cora\u00e7\u00e3o aquecido, a mente desperta e em comunh\u00e3o com o Corpo de Cristo. Descubra como a miss\u00e3o divina pulsa em cada p\u00e1gina das Escrituras e renove seu chamado para viver e anunciar o Deus que fala em todas as l\u00ednguas e busca alcan\u00e7ar todos os povos.<\/p>\n","protected":false},"excerpt":{"rendered":"<p>O que a B\u00edblia fala sobre miss\u00e3o? A B\u00edblia \u00e9, por ess\u00eancia, mission\u00e1ria. Em A B\u00edblia e a Miss\u00e3o, Tim\u00f3teo&hellip;<\/p>\n","protected":false},"featured_media":335842,"comment_status":"open","ping_status":"closed","template":"","meta":[],"product_cat":[204,134],"product_tag":[],"_links":{"self":[{"href":"https:\/\/www.livrariarema.com.br\/loja\/wp-json\/wp\/v2\/product\/335843"}],"collection":[{"href":"https:\/\/www.livrariarema.com.br\/loja\/wp-json\/wp\/v2\/product"}],"about":[{"href":"https:\/\/www.livrariarema.com.br\/loja\/wp-json\/wp\/v2\/types\/product"}],"replies":[{"embeddable":true,"href":"https:\/\/www.livrariarema.com.br\/loja\/wp-json\/wp\/v2\/comments?post=335843"}],"wp:featuredmedia":[{"embeddable":true,"href":"https:\/\/www.livrariarema.com.br\/loja\/wp-json\/wp\/v2\/media\/335842"}],"wp:attachment":[{"href":"https:\/\/www.livrariarema.com.br\/loja\/wp-json\/wp\/v2\/media?parent=335843"}],"wp:term":[{"taxonomy":"product_cat","embeddable":true,"href":"https:\/\/www.livrariarema.com.br\/loja\/wp-json\/wp\/v2\/product_cat?post=335843"},{"taxonomy":"product_tag","embeddable":true,"href":"https:\/\/www.livrariarema.com.br\/loja\/wp-json\/wp\/v2\/product_tag?post=335843"}],"curies":[{"name":"wp","href":"https:\/\/api.w.org\/{rel}","templated":true}]}}