{"id":335847,"date":"2025-08-20T14:19:09","date_gmt":"2025-08-20T17:19:09","guid":{"rendered":"https:\/\/www.livrariarema.com.br\/loja\/produtos\/sem%20categoria\/influencia-sagrada-gary-thomas-2a-ed\/"},"modified":"2025-11-25T15:59:46","modified_gmt":"2025-11-25T18:59:46","slug":"influencia-sagrada-gary-thomas-2a-ed","status":"publish","type":"product","link":"https:\/\/www.livrariarema.com.br\/loja\/produtos\/livros\/ministerio\/influencia-sagrada-gary-thomas-2a-ed\/","title":{"rendered":"Influ\u00eancia Sagrada &#8211; Gary Thomas &#8211; 2\u00aa Ed"},"content":{"rendered":"<p>O chamado para amar e inspirar seu marido. <\/p>\n<p>Toda mulher j\u00e1 se perguntou em algum momento:<br \/>\n&#8220;Como posso inspirar meu marido a ser um homem melhor?&#8221;<\/p>\n<p>Seja nos pequenos ajustes do dia a dia ou nos desafios profundos do relacionamento, a verdade \u00e9 que com a for\u00e7a do Senhor nos ajuda em qualquer circunst\u00e2ncia.<br \/>\nInflu\u00eancia Sagrada oferece uma abordagem pr\u00e1tica, b\u00edblica e cheia de gra\u00e7a sobre como encorajar, desafiar e influenciar seu esposo &#8211; n\u00e3o por controle ou manipula\u00e7\u00e3o, mas com a sabedoria e o amor que v\u00eam do Senhor.<\/p>\n<p>Com hist\u00f3rias reais, conselhos de um olhar masculino e princ\u00edpios da Palavra, este livro \u00e9 um guia precioso para mulheres que desejam ver transforma\u00e7\u00e3o no casamento. Voc\u00ea vai descobrir:<\/p>\n<p>&#8211; Como fortalecer seu papel com firmeza e ternura;<br \/>\n&#8211; Estrat\u00e9gias eficazes para lidar com crises e momentos dif\u00edceis;<br \/>\n&#8211; A influ\u00eancia silenciosa e poderosa de uma mulher que confia em Deus.<br \/>\n&#8211; Mais do que torcer por um casamento melhor, voc\u00ea ser\u00e1 desafiada a agir com sabedoria e f\u00e9 &#8211; e ver\u00e1 a mudan\u00e7a acontecer.<\/p>\n","protected":false},"excerpt":{"rendered":"<p>O chamado para amar e inspirar seu marido. Toda mulher j\u00e1 se perguntou em algum momento: &#8220;Como posso inspirar meu&hellip;<\/p>\n","protected":false},"featured_media":341503,"comment_status":"open","ping_status":"closed","template":"","meta":[],"product_cat":[134,148],"product_tag":[],"_links":{"self":[{"href":"https:\/\/www.livrariarema.com.br\/loja\/wp-json\/wp\/v2\/product\/335847"}],"collection":[{"href":"https:\/\/www.livrariarema.com.br\/loja\/wp-json\/wp\/v2\/product"}],"about":[{"href":"https:\/\/www.livrariarema.com.br\/loja\/wp-json\/wp\/v2\/types\/product"}],"replies":[{"embeddable":true,"href":"https:\/\/www.livrariarema.com.br\/loja\/wp-json\/wp\/v2\/comments?post=335847"}],"wp:featuredmedia":[{"embeddable":true,"href":"https:\/\/www.livrariarema.com.br\/loja\/wp-json\/wp\/v2\/media\/341503"}],"wp:attachment":[{"href":"https:\/\/www.livrariarema.com.br\/loja\/wp-json\/wp\/v2\/media?parent=335847"}],"wp:term":[{"taxonomy":"product_cat","embeddable":true,"href":"https:\/\/www.livrariarema.com.br\/loja\/wp-json\/wp\/v2\/product_cat?post=335847"},{"taxonomy":"product_tag","embeddable":true,"href":"https:\/\/www.livrariarema.com.br\/loja\/wp-json\/wp\/v2\/product_tag?post=335847"}],"curies":[{"name":"wp","href":"https:\/\/api.w.org\/{rel}","templated":true}]}}