{"id":335849,"date":"2025-08-20T14:19:18","date_gmt":"2025-08-20T17:19:18","guid":{"rendered":"https:\/\/www.livrariarema.com.br\/loja\/produtos\/sem categoria\/apocalipse-sherron-kay-george-e-timoteo-carriker\/"},"modified":"2025-11-05T08:37:07","modified_gmt":"2025-11-05T11:37:07","slug":"apocalipse-sherron-kay-george-e-timoteo-carriker","status":"publish","type":"product","link":"https:\/\/www.livrariarema.com.br\/loja\/produtos\/livros\/evangelismo-missoes\/apocalipse-sherron-kay-george-e-timoteo-carriker\/","title":{"rendered":"Apocalipse &#8211; Sherron Kay George E Tim\u00f3teo Carriker"},"content":{"rendered":"<p>Apocalipse &#8211; S\u00e9rie Mergulho Missional<br \/>\nMais do que vis\u00f5es misteriosas ou profecias distantes, o livro de Apocalipse \u00e9 a express\u00e3o final da miss\u00e3o de Deus revelada ao longo de toda a B\u00edblia. Neste volume da s\u00e9rie Mergulho Missional, somos convidados a explorar o Apocalipse com profundidade e aten\u00e7\u00e3o ao seu contexto original, revelando sua mensagem essencial: a vit\u00f3ria do Cordeiro, o ju\u00edzo definitivo sobre o mal e a promessa da restaura\u00e7\u00e3o de todas as coisas.<br \/>\nCom linguagem acess\u00edvel e reflex\u00e3o teol\u00f3gica s\u00f3lida, este livro mostra como o Apocalipse revela o cora\u00e7\u00e3o mission\u00e1rio de Deus &#8211; e como essa vis\u00e3o nos chama a viver hoje com coragem, fidelidade e esperan\u00e7a, aguardando o dia em que tudo ser\u00e1 feito novo.<\/p>\n","protected":false},"excerpt":{"rendered":"<p>Apocalipse &#8211; S\u00e9rie Mergulho Missional Mais do que vis\u00f5es misteriosas ou profecias distantes, o livro de Apocalipse \u00e9 a express\u00e3o&hellip;<\/p>\n","protected":false},"featured_media":335848,"comment_status":"open","ping_status":"closed","template":"","meta":[],"product_cat":[204,134],"product_tag":[],"_links":{"self":[{"href":"https:\/\/www.livrariarema.com.br\/loja\/wp-json\/wp\/v2\/product\/335849"}],"collection":[{"href":"https:\/\/www.livrariarema.com.br\/loja\/wp-json\/wp\/v2\/product"}],"about":[{"href":"https:\/\/www.livrariarema.com.br\/loja\/wp-json\/wp\/v2\/types\/product"}],"replies":[{"embeddable":true,"href":"https:\/\/www.livrariarema.com.br\/loja\/wp-json\/wp\/v2\/comments?post=335849"}],"wp:featuredmedia":[{"embeddable":true,"href":"https:\/\/www.livrariarema.com.br\/loja\/wp-json\/wp\/v2\/media\/335848"}],"wp:attachment":[{"href":"https:\/\/www.livrariarema.com.br\/loja\/wp-json\/wp\/v2\/media?parent=335849"}],"wp:term":[{"taxonomy":"product_cat","embeddable":true,"href":"https:\/\/www.livrariarema.com.br\/loja\/wp-json\/wp\/v2\/product_cat?post=335849"},{"taxonomy":"product_tag","embeddable":true,"href":"https:\/\/www.livrariarema.com.br\/loja\/wp-json\/wp\/v2\/product_tag?post=335849"}],"curies":[{"name":"wp","href":"https:\/\/api.w.org\/{rel}","templated":true}]}}