{"id":335853,"date":"2025-08-20T14:19:32","date_gmt":"2025-08-20T17:19:32","guid":{"rendered":"https:\/\/www.livrariarema.com.br\/loja\/produtos\/sem categoria\/surpresas-no-caminho-do-amor-patrick-reason\/"},"modified":"2025-08-20T14:19:34","modified_gmt":"2025-08-20T17:19:34","slug":"surpresas-no-caminho-do-amor-patrick-reason","status":"publish","type":"product","link":"https:\/\/www.livrariarema.com.br\/loja\/produtos\/livros\/biografia\/surpresas-no-caminho-do-amor-patrick-reason\/","title":{"rendered":"Surpresas No Caminho Do Amor &#8211; Patrick Reason"},"content":{"rendered":"<p>Quando a dor encontra reden\u00e7\u00e3o<br \/>\n<br \/><Br><br \/>\nO que acontece quando a dor n\u00e3o d\u00e1 tr\u00e9gua, mas o amor insiste em florescer?<br \/>\n<Br><Br><br \/>\nNeste livro, somos conduzidos por uma jornada real, marcada por perdas, reencontros, milagres discretos e f\u00e9 resiliente. Ao longo de sua atua\u00e7\u00e3o com igrejas e projetos sociais no Brasil, Patrick viu de perto os rostos da viol\u00eancia, da exclus\u00e3o e da injusti\u00e7a &#8211; mas tamb\u00e9m testemunhou o poder restaurador da comunh\u00e3o, da fam\u00edlia e da presen\u00e7a de Deus.<Br><br \/>\nSurpresas no caminho do amor \u00e9 um testemunho vivo de que Deus continua escrevendo hist\u00f3rias de reden\u00e7\u00e3o em meio ao caos. Um livro para quem cr\u00ea na transforma\u00e7\u00e3o de vidas e na esperan\u00e7a.<Br><\/p>\n","protected":false},"excerpt":{"rendered":"<p>Quando a dor encontra reden\u00e7\u00e3o O que acontece quando a dor n\u00e3o d\u00e1 tr\u00e9gua, mas o amor insiste em florescer?&hellip;<\/p>\n","protected":false},"featured_media":335852,"comment_status":"open","ping_status":"closed","template":"","meta":[],"product_cat":[181,134],"product_tag":[],"_links":{"self":[{"href":"https:\/\/www.livrariarema.com.br\/loja\/wp-json\/wp\/v2\/product\/335853"}],"collection":[{"href":"https:\/\/www.livrariarema.com.br\/loja\/wp-json\/wp\/v2\/product"}],"about":[{"href":"https:\/\/www.livrariarema.com.br\/loja\/wp-json\/wp\/v2\/types\/product"}],"replies":[{"embeddable":true,"href":"https:\/\/www.livrariarema.com.br\/loja\/wp-json\/wp\/v2\/comments?post=335853"}],"wp:featuredmedia":[{"embeddable":true,"href":"https:\/\/www.livrariarema.com.br\/loja\/wp-json\/wp\/v2\/media\/335852"}],"wp:attachment":[{"href":"https:\/\/www.livrariarema.com.br\/loja\/wp-json\/wp\/v2\/media?parent=335853"}],"wp:term":[{"taxonomy":"product_cat","embeddable":true,"href":"https:\/\/www.livrariarema.com.br\/loja\/wp-json\/wp\/v2\/product_cat?post=335853"},{"taxonomy":"product_tag","embeddable":true,"href":"https:\/\/www.livrariarema.com.br\/loja\/wp-json\/wp\/v2\/product_tag?post=335853"}],"curies":[{"name":"wp","href":"https:\/\/api.w.org\/{rel}","templated":true}]}}