{"id":335855,"date":"2025-08-20T14:19:37","date_gmt":"2025-08-20T17:19:37","guid":{"rendered":"https:\/\/www.livrariarema.com.br\/loja\/produtos\/sem categoria\/orando-em-familia-2026-vol-28\/"},"modified":"2026-01-16T10:40:50","modified_gmt":"2026-01-16T13:40:50","slug":"orando-em-familia-2026-vol-28","status":"publish","type":"product","link":"https:\/\/www.livrariarema.com.br\/loja\/produtos\/livros\/devocional\/orando-em-familia-2026-vol-28\/","title":{"rendered":"Orando Em Familia 2026 &#8211; Vol. 28"},"content":{"rendered":"<p>Orando em Fam\u00edlia 2026 &#8211; Resposta ao Caos<br \/>\nVolume 28<\/p>\n<p>Em meio a um tempo de rupturas, ansiedade coletiva e perda de referenciais, este devocional di\u00e1rio surge como um convite \u00e0 esperan\u00e7a e ao reencontro com a verdade. Cada p\u00e1gina conduz o leitor a reflex\u00f5es b\u00edblicas profundas e acess\u00edveis, abordando temas como desestrutura\u00e7\u00e3o familiar, exaust\u00e3o espiritual, crise de identidade e o esvaziamento do sentido de comunidade.<\/p>\n<p>Mais do que um diagn\u00f3stico dos tempos, Resposta ao Caos \u00e9 um chamado \u00e0 resist\u00eancia espiritual, ao discernimento e \u00e0 renova\u00e7\u00e3o da f\u00e9. \u00c9 um lembrete de que, mesmo quando tudo parece ruir, Deus continua falando, guiando e restaurando.<\/p>\n<p>Ideal para leitura individual, em fam\u00edlia ou em pequenos grupos, este volume foi escrito com rever\u00eancia, firmeza e lucidez, para aqueles que desejam permanecer de p\u00e9 enquanto o mundo ao redor se desfaz.<\/p>\n","protected":false},"excerpt":{"rendered":"<p>Orando em Fam\u00edlia 2026 &#8211; Resposta ao Caos Volume 28 Em meio a um tempo de rupturas, ansiedade coletiva e&hellip;<\/p>\n","protected":false},"featured_media":335854,"comment_status":"open","ping_status":"closed","template":"","meta":[],"product_cat":[158,134],"product_tag":[],"_links":{"self":[{"href":"https:\/\/www.livrariarema.com.br\/loja\/wp-json\/wp\/v2\/product\/335855"}],"collection":[{"href":"https:\/\/www.livrariarema.com.br\/loja\/wp-json\/wp\/v2\/product"}],"about":[{"href":"https:\/\/www.livrariarema.com.br\/loja\/wp-json\/wp\/v2\/types\/product"}],"replies":[{"embeddable":true,"href":"https:\/\/www.livrariarema.com.br\/loja\/wp-json\/wp\/v2\/comments?post=335855"}],"wp:featuredmedia":[{"embeddable":true,"href":"https:\/\/www.livrariarema.com.br\/loja\/wp-json\/wp\/v2\/media\/335854"}],"wp:attachment":[{"href":"https:\/\/www.livrariarema.com.br\/loja\/wp-json\/wp\/v2\/media?parent=335855"}],"wp:term":[{"taxonomy":"product_cat","embeddable":true,"href":"https:\/\/www.livrariarema.com.br\/loja\/wp-json\/wp\/v2\/product_cat?post=335855"},{"taxonomy":"product_tag","embeddable":true,"href":"https:\/\/www.livrariarema.com.br\/loja\/wp-json\/wp\/v2\/product_tag?post=335855"}],"curies":[{"name":"wp","href":"https:\/\/api.w.org\/{rel}","templated":true}]}}