{"id":335947,"date":"2025-08-27T09:03:00","date_gmt":"2025-08-27T12:03:00","guid":{"rendered":"https:\/\/www.livrariarema.com.br\/loja\/produtos\/sem categoria\/proposito-intencional-l-j-ewing\/"},"modified":"2025-12-06T11:14:14","modified_gmt":"2025-12-06T14:14:14","slug":"proposito-intencional-l-j-ewing","status":"publish","type":"product","link":"https:\/\/www.livrariarema.com.br\/loja\/produtos\/livros\/vida-crista\/proposito-intencional-l-j-ewing\/","title":{"rendered":"Prop\u00f3sito Intencional &#8211; L. J. Ewing"},"content":{"rendered":"<p>Este livro \u00e9 um guia para ajudar os leitores a descobrir e cumprir seu prop\u00f3sito na vida.<\/p>\n<p>A autora LJ Ewing se aprofunda nas origens do prop\u00f3sito, explorando como ele \u00e9 moldado por nossa educa\u00e7\u00e3o, experi\u00eancias e espiritualidade.<\/p>\n<p>Com base em experi\u00eancias pessoais e exemplos da vida real, Ewing ilustra como identificar nosso prop\u00f3sito pode nos trazer maior realiza\u00e7\u00e3o e significado na vida. O livro enfatiza a import\u00e2ncia de envolver outras pessoas em nosso prop\u00f3sito, seja por meio da colabora\u00e7\u00e3o com indiv\u00edduos de ideias semelhantes ou buscando orienta\u00e7\u00e3o de mentores. Ewing destaca o valor da comunidade e das redes de apoio para nos ajudar a atingir nossos objetivos e viver nosso prop\u00f3sito.<\/p>\n<p>O livro tamb\u00e9m aborda a quest\u00e3o de como operar em nosso prop\u00f3sito, reconhecendo os desafios e obst\u00e1culos que podem surgir ao longo do caminho. Ewing oferece conselhos pr\u00e1ticos sobre como superar esses desafios, incluindo o desenvolvimento da resili\u00eancia, a pr\u00e1tica do autocuidado e a manuten\u00e7\u00e3o do foco em nossos objetivos.<\/p>\n<p>\u00c9 uma leitura inspiradora e instigante, que agradar\u00e1 a qualquer pessoa que esteja procurando descobrir seu prop\u00f3sito na vida. Com seu estilo de escrita acess\u00edvel e conselhos pr\u00e1ticos de crescimento, este livro \u00e9 um excelente recurso para indiv\u00edduos que buscam realiza\u00e7\u00e3o pessoal. Quer voc\u00ea esteja apenas come\u00e7ando sua jornada ou j\u00e1 esteja bem encaminhado, esta \u00e9 uma leitura obrigat\u00f3ria para qualquer pessoa que esteja procurando viver uma vida com prop\u00f3sito.<\/p>\n","protected":false},"excerpt":{"rendered":"<p>Este livro \u00e9 um guia para ajudar os leitores a descobrir e cumprir seu prop\u00f3sito na vida. A autora LJ&hellip;<\/p>\n","protected":false},"featured_media":342077,"comment_status":"open","ping_status":"closed","template":"","meta":[],"product_cat":[134,137],"product_tag":[],"_links":{"self":[{"href":"https:\/\/www.livrariarema.com.br\/loja\/wp-json\/wp\/v2\/product\/335947"}],"collection":[{"href":"https:\/\/www.livrariarema.com.br\/loja\/wp-json\/wp\/v2\/product"}],"about":[{"href":"https:\/\/www.livrariarema.com.br\/loja\/wp-json\/wp\/v2\/types\/product"}],"replies":[{"embeddable":true,"href":"https:\/\/www.livrariarema.com.br\/loja\/wp-json\/wp\/v2\/comments?post=335947"}],"wp:featuredmedia":[{"embeddable":true,"href":"https:\/\/www.livrariarema.com.br\/loja\/wp-json\/wp\/v2\/media\/342077"}],"wp:attachment":[{"href":"https:\/\/www.livrariarema.com.br\/loja\/wp-json\/wp\/v2\/media?parent=335947"}],"wp:term":[{"taxonomy":"product_cat","embeddable":true,"href":"https:\/\/www.livrariarema.com.br\/loja\/wp-json\/wp\/v2\/product_cat?post=335947"},{"taxonomy":"product_tag","embeddable":true,"href":"https:\/\/www.livrariarema.com.br\/loja\/wp-json\/wp\/v2\/product_tag?post=335947"}],"curies":[{"name":"wp","href":"https:\/\/api.w.org\/{rel}","templated":true}]}}