{"id":335955,"date":"2025-08-27T09:04:20","date_gmt":"2025-08-27T12:04:20","guid":{"rendered":"https:\/\/www.livrariarema.com.br\/loja\/produtos\/sem%20categoria\/alem-do-veu-edna-tavares\/"},"modified":"2025-10-10T12:12:51","modified_gmt":"2025-10-10T15:12:51","slug":"alem-do-veu-edna-tavares","status":"publish","type":"product","link":"https:\/\/www.livrariarema.com.br\/loja\/produtos\/livros\/vida-crista\/alem-do-veu-edna-tavares\/","title":{"rendered":"Al\u00e9m Do V\u00e9u &#8211; Edna Tavares"},"content":{"rendered":"<p>Neste inspirador livro, &#8220;Al\u00e9m do V\u00e9u&#8221;, o autor nos convida a explorar a profundidade do amor de Deus e a import\u00e2ncia de cultivar um relacionamento \u00edntimo com Ele.<\/p>\n<p>Com uma abordagem pr\u00e1tica e espiritual, a obra oferece encorajamento di\u00e1rio para que os leitores busquem um lugar de intimidade, acessando a presen\u00e7a divina em suas vidas. Cada cap\u00edtulo revela insights poderosos sobre como permanecer diante de Deus, permitindo que Sua luz e amor transformem o cora\u00e7\u00e3o e a mente.<\/p>\n<p>Ideal para aqueles que anseiam por uma conex\u00e3o mais profunda com o Criador, este livro \u00e9 um guia para descobrir a plenitude que vem de viver sob o v\u00e9u da gra\u00e7a e da miseric\u00f3rdia.<\/p>\n","protected":false},"excerpt":{"rendered":"<p>Neste inspirador livro, &#8220;Al\u00e9m do V\u00e9u&#8221;, o autor nos convida a explorar a profundidade do amor de Deus e a&hellip;<\/p>\n","protected":false},"featured_media":339337,"comment_status":"open","ping_status":"closed","template":"","meta":[],"product_cat":[134,137],"product_tag":[],"_links":{"self":[{"href":"https:\/\/www.livrariarema.com.br\/loja\/wp-json\/wp\/v2\/product\/335955"}],"collection":[{"href":"https:\/\/www.livrariarema.com.br\/loja\/wp-json\/wp\/v2\/product"}],"about":[{"href":"https:\/\/www.livrariarema.com.br\/loja\/wp-json\/wp\/v2\/types\/product"}],"replies":[{"embeddable":true,"href":"https:\/\/www.livrariarema.com.br\/loja\/wp-json\/wp\/v2\/comments?post=335955"}],"wp:featuredmedia":[{"embeddable":true,"href":"https:\/\/www.livrariarema.com.br\/loja\/wp-json\/wp\/v2\/media\/339337"}],"wp:attachment":[{"href":"https:\/\/www.livrariarema.com.br\/loja\/wp-json\/wp\/v2\/media?parent=335955"}],"wp:term":[{"taxonomy":"product_cat","embeddable":true,"href":"https:\/\/www.livrariarema.com.br\/loja\/wp-json\/wp\/v2\/product_cat?post=335955"},{"taxonomy":"product_tag","embeddable":true,"href":"https:\/\/www.livrariarema.com.br\/loja\/wp-json\/wp\/v2\/product_tag?post=335955"}],"curies":[{"name":"wp","href":"https:\/\/api.w.org\/{rel}","templated":true}]}}