{"id":335993,"date":"2025-08-28T11:55:58","date_gmt":"2025-08-28T14:55:58","guid":{"rendered":"https:\/\/www.livrariarema.com.br\/loja\/produtos\/sem categoria\/caderno-disco-disko-pink-pocket-105-x-14cm-80-folhas\/"},"modified":"2026-02-14T09:50:57","modified_gmt":"2026-02-14T12:50:57","slug":"caderno-disco-disko-pink-pocket-105-x-14cm-80-folhas","status":"publish","type":"product","link":"https:\/\/www.livrariarema.com.br\/loja\/produtos\/papelaria\/caderno\/caderno-disco-disko-pink-pocket-105-x-14cm-80-folhas\/","title":{"rendered":"Caderno Disco &#8211; Disk\u00f4 &#8211; Pink Pocket &#8211; 10,5 X 14Cm &#8211; 80 Folhas"},"content":{"rendered":"<p>O que inclui o Caderno Disk\u00f4:<\/p>\n<p>Forro em papel Supremo 350g<br \/>\nCapa e contracapa: R\u00edgidas e impressas em papel couch\u00e9 de 150g para garantir durabilidade e estilo.<br \/>\nFolha de apresenta\u00e7\u00e3o: Com instru\u00e7\u00f5es de uso para que voc\u00ea aproveite ao m\u00e1ximo seu caderno.<br \/>\n80 folhas offset de 90g: Compostas por  80 folhas lisas brancas.<br \/>\nEl\u00e1stico de fechamento: Para manter tudo no lugar com seguran\u00e7a.<\/p>\n","protected":false},"excerpt":{"rendered":"<p>O que inclui o Caderno Disk\u00f4: Forro em papel Supremo 350g Capa e contracapa: R\u00edgidas e impressas em papel couch\u00e9&hellip;<\/p>\n","protected":false},"featured_media":335992,"comment_status":"open","ping_status":"closed","template":"","meta":[],"product_cat":[230,215],"product_tag":[],"_links":{"self":[{"href":"https:\/\/www.livrariarema.com.br\/loja\/wp-json\/wp\/v2\/product\/335993"}],"collection":[{"href":"https:\/\/www.livrariarema.com.br\/loja\/wp-json\/wp\/v2\/product"}],"about":[{"href":"https:\/\/www.livrariarema.com.br\/loja\/wp-json\/wp\/v2\/types\/product"}],"replies":[{"embeddable":true,"href":"https:\/\/www.livrariarema.com.br\/loja\/wp-json\/wp\/v2\/comments?post=335993"}],"wp:featuredmedia":[{"embeddable":true,"href":"https:\/\/www.livrariarema.com.br\/loja\/wp-json\/wp\/v2\/media\/335992"}],"wp:attachment":[{"href":"https:\/\/www.livrariarema.com.br\/loja\/wp-json\/wp\/v2\/media?parent=335993"}],"wp:term":[{"taxonomy":"product_cat","embeddable":true,"href":"https:\/\/www.livrariarema.com.br\/loja\/wp-json\/wp\/v2\/product_cat?post=335993"},{"taxonomy":"product_tag","embeddable":true,"href":"https:\/\/www.livrariarema.com.br\/loja\/wp-json\/wp\/v2\/product_tag?post=335993"}],"curies":[{"name":"wp","href":"https:\/\/api.w.org\/{rel}","templated":true}]}}