{"id":336001,"date":"2025-08-28T11:56:36","date_gmt":"2025-08-28T14:56:36","guid":{"rendered":"https:\/\/www.livrariarema.com.br\/loja\/produtos\/sem categoria\/caderno-disco-disko-gran-lilas-m-19-x-255cm-80-folhas\/"},"modified":"2025-08-28T11:56:40","modified_gmt":"2025-08-28T14:56:40","slug":"caderno-disco-disko-gran-lilas-m-19-x-255cm-80-folhas","status":"publish","type":"product","link":"https:\/\/www.livrariarema.com.br\/loja\/produtos\/papelaria\/caderno\/caderno-disco-disko-gran-lilas-m-19-x-255cm-80-folhas\/","title":{"rendered":"Caderno Disco &#8211; Disk\u00f4 &#8211; Gran Lil\u00e1s M &#8211; 19 X 25,5Cm &#8211; 80 Folhas"},"content":{"rendered":"<p>O que inclui o Caderno Disk\u00f4:<\/p>\n<p>Capa e contracapa: R\u00edgidas e impressas em papel couch\u00e9 de 150g para garantir durabilidade e estilo.<br \/>\nFolha de apresenta\u00e7\u00e3o: Com instru\u00e7\u00f5es de uso para que voc\u00ea aproveite ao m\u00e1ximo seu caderno.<br \/>\nFolha de adesivos: Para personalizar ainda mais suas p\u00e1ginas e anota\u00e7\u00f5es.<br \/>\nBolsa pl\u00e1stica: Ideal para guardar pequenos itens, como canetas e recados.<br \/>\nDivis\u00f3rias: Para organizar suas se\u00e7\u00f5es de forma pr\u00e1tica e eficiente.<br \/>\n80 folhas offset de 90g: Compostas por 60 folhas pautadas e 20 folhas lisas brancas, prontas para suas anota\u00e7\u00f5es e cria\u00e7\u00f5es.<br \/>\nEl\u00e1stico de fechamento: Para manter tudo no lugar com seguran\u00e7a.<\/p>\n","protected":false},"excerpt":{"rendered":"<p>O que inclui o Caderno Disk\u00f4: Capa e contracapa: R\u00edgidas e impressas em papel couch\u00e9 de 150g para garantir durabilidade&hellip;<\/p>\n","protected":false},"featured_media":336000,"comment_status":"open","ping_status":"closed","template":"","meta":[],"product_cat":[230,215],"product_tag":[],"_links":{"self":[{"href":"https:\/\/www.livrariarema.com.br\/loja\/wp-json\/wp\/v2\/product\/336001"}],"collection":[{"href":"https:\/\/www.livrariarema.com.br\/loja\/wp-json\/wp\/v2\/product"}],"about":[{"href":"https:\/\/www.livrariarema.com.br\/loja\/wp-json\/wp\/v2\/types\/product"}],"replies":[{"embeddable":true,"href":"https:\/\/www.livrariarema.com.br\/loja\/wp-json\/wp\/v2\/comments?post=336001"}],"wp:featuredmedia":[{"embeddable":true,"href":"https:\/\/www.livrariarema.com.br\/loja\/wp-json\/wp\/v2\/media\/336000"}],"wp:attachment":[{"href":"https:\/\/www.livrariarema.com.br\/loja\/wp-json\/wp\/v2\/media?parent=336001"}],"wp:term":[{"taxonomy":"product_cat","embeddable":true,"href":"https:\/\/www.livrariarema.com.br\/loja\/wp-json\/wp\/v2\/product_cat?post=336001"},{"taxonomy":"product_tag","embeddable":true,"href":"https:\/\/www.livrariarema.com.br\/loja\/wp-json\/wp\/v2\/product_tag?post=336001"}],"curies":[{"name":"wp","href":"https:\/\/api.w.org\/{rel}","templated":true}]}}