{"id":336061,"date":"2025-08-28T12:03:08","date_gmt":"2025-08-28T15:03:08","guid":{"rendered":"https:\/\/www.livrariarema.com.br\/loja\/produtos\/sem categoria\/caderno-disco-disko-capivara-m-19-x-255cm-80-folhas\/"},"modified":"2026-02-04T13:10:31","modified_gmt":"2026-02-04T16:10:31","slug":"caderno-disco-disko-capivara-m-19-x-255cm-80-folhas","status":"publish","type":"product","link":"https:\/\/www.livrariarema.com.br\/loja\/produtos\/papelaria\/caderno\/caderno-disco-disko-capivara-m-19-x-255cm-80-folhas\/","title":{"rendered":"Caderno Disco &#8211; Disk\u00f4 &#8211; Capivara M &#8211; 19 X 25,5Cm &#8211; 80 Folhas"},"content":{"rendered":"<p>&#8211; Capa impressa laminada em papel r\u00edgido 2,2mm<br \/>\n&#8211; Costura<br \/>\n&#8211; Forro em papel Supremo 350g.<br \/>\n&#8211; Miolo em papel off set 90g<br \/>\n&#8211; Folha de instru\u00e7\u00f5es, Ilhoses e el\u00e1stico com ponteira.<br \/>\n&#8211; Faixa com descri\u00e7\u00e3o do produto<br \/>\n&#8211; Embalado em pl\u00e1stico termoencolh\u00edvel. <br \/>\n&#8211; 60 folhas pautadas<br \/>\n&#8211; 20 folhas sem impress\u00e3o<\/p>\n","protected":false},"excerpt":{"rendered":"<p>&#8211; Capa impressa laminada em papel r\u00edgido 2,2mm &#8211; Costura &#8211; Forro em papel Supremo 350g. &#8211; Miolo em papel&hellip;<\/p>\n","protected":false},"featured_media":336060,"comment_status":"open","ping_status":"closed","template":"","meta":[],"product_cat":[230,215],"product_tag":[],"_links":{"self":[{"href":"https:\/\/www.livrariarema.com.br\/loja\/wp-json\/wp\/v2\/product\/336061"}],"collection":[{"href":"https:\/\/www.livrariarema.com.br\/loja\/wp-json\/wp\/v2\/product"}],"about":[{"href":"https:\/\/www.livrariarema.com.br\/loja\/wp-json\/wp\/v2\/types\/product"}],"replies":[{"embeddable":true,"href":"https:\/\/www.livrariarema.com.br\/loja\/wp-json\/wp\/v2\/comments?post=336061"}],"wp:featuredmedia":[{"embeddable":true,"href":"https:\/\/www.livrariarema.com.br\/loja\/wp-json\/wp\/v2\/media\/336060"}],"wp:attachment":[{"href":"https:\/\/www.livrariarema.com.br\/loja\/wp-json\/wp\/v2\/media?parent=336061"}],"wp:term":[{"taxonomy":"product_cat","embeddable":true,"href":"https:\/\/www.livrariarema.com.br\/loja\/wp-json\/wp\/v2\/product_cat?post=336061"},{"taxonomy":"product_tag","embeddable":true,"href":"https:\/\/www.livrariarema.com.br\/loja\/wp-json\/wp\/v2\/product_tag?post=336061"}],"curies":[{"name":"wp","href":"https:\/\/api.w.org\/{rel}","templated":true}]}}