{"id":336087,"date":"2025-09-01T15:09:16","date_gmt":"2025-09-01T18:09:16","guid":{"rendered":"https:\/\/www.livrariarema.com.br\/loja\/produtos\/sem%20categoria\/biblia-king-james-1611-de-estudo-holman-preta\/"},"modified":"2026-04-25T12:00:21","modified_gmt":"2026-04-25T15:00:21","slug":"biblia-king-james-1611-de-estudo-holman-preta","status":"publish","type":"product","link":"https:\/\/www.livrariarema.com.br\/loja\/produtos\/biblias\/king-james\/biblia-king-james-1611-de-estudo-holman-preta\/","title":{"rendered":"B\u00edblia King James 1611 De Estudo Holman &#8211; Preta"},"content":{"rendered":"<p>Os estudiosos da B\u00edblia de hoje. .possuem melhores informa\u00e7\u00f5es sobre textos antigos que os estudiosos de anos atr\u00e1s. Tradu\u00e7\u00f5es feitas nos \u00faltimos dez ou vinte anos n\u00e3o refletem alguns avan\u00e7os significativos na pesquisa desses textos. Os estudos da B\u00edblia de Estudo King James 1611, com os estudos Holman, incorporam grandes informa\u00e7\u00f5es a respeito. Este fato levou o Dr. Peter Flint, voltado aos estudos sobre o Mar Morto da Universidade Trinity Western, a escrever: &#8220;Os estudos da Holman Christian Standard Bible (HCSB) \u00e9 um dos mais sofisticadas em termos de qualidade, dispon\u00edvel no mundo&#8221;. O que tudo isso significa? <br \/>\nSignifica que nos estudos Holman da BKJ 1611  encontraremos o nome pessoal de Deus como SENHOR em mai\u00fasculo, fazendo men\u00e7\u00e3o a YHVH no VT, o uso de &#8220;PACTO&#8221;, o uso de \u00ad&#8221;SHABAT&#8221;, s\u00f3 para citar alguns exemplos. \u00c9 amplamente conhecido que os manuscritos originais da B\u00edblia em hebraico, grego e aramaico t\u00eam palavras e express\u00f5es para as quais n\u00e3o h\u00e1 equivalentes em nossa l\u00edngua. Traduzir esse tipo de texto para nosso idioma \u00e9 um processo meticuloso. A precis\u00e3o na escolha vocabular \u00e9 essencial para a compreens\u00e3o dos conceitos b\u00edblicos em geral. Al\u00e9m disso, temos o texto da King James Bible 1611 em portugu\u00eas que, juntamente com os estudos Holman, comp\u00f5e uma uni\u00e3o exata para quem realmente necessita saber e conhecer mais sobre a Sagrada Escritura.<\/p>\n<p>Uma distin\u00e7\u00e3o importante entre as B\u00edblias contempor\u00e2neas \u00e9 a filosofia do estudo escolhida pela equipe de especialistas. Os estudiosos usaram diferentes abordagens nas tradu\u00e7\u00f5es do texto b\u00edblico. E disseram que nenhuma tradu\u00e7\u00e3o pode ser totalmente formal ou inteiramente din\u00e2mica. Todas as tradu\u00e7\u00f5es s\u00e3o um equil\u00edbrio de ambos. As notas de estudo da Holman empregam um princ\u00edpio que visa alcan\u00e7ar um equil\u00edbrio ideal. Com precis\u00e3o e clareza liter\u00e1ria por meio de uma an\u00e1lise textual abrangente. Este processo garante a m\u00e1xima transfer\u00eancia de ambas as palavras e pensamentos contidos no original. Sobre essa B\u00edblia A BKJ 1611 &#8211; B\u00edblia King James com Estudo Holman foi elaborada para apoiar de maneira decisiva o estudo B\u00edblico. A Escritura \u00e9 aqui o assunto principal. Todas as caracter\u00edsticas e ferramentas s\u00e3o desenhadas para ajud\u00e1-lo a compreender a Escritura e ser por ela transformado. <br \/>\nREFER\u00caNCIAS CRUZADAS apontam para outras passagens b\u00edblicas que est\u00e3o relacionadas com o texto que voc\u00ea est\u00e1 focalizando. <br \/>\nNOTAS DE ESTUDO proveem informa\u00e7\u00f5es hist\u00f3ricas, culturais, lingu\u00edsticas e b\u00edblicas que aumentam a sua compreens\u00e3o da passagem. As palavras em negrito procedem diretamente do texto da Escritura. MAPAS iluminam o texto b\u00edblico ao mostrar o seu contexto geogr\u00e1fico. QUADROS organizam as informa\u00e7\u00f5es de forma a capacitar o leitor a compreender rapidamente as conex\u00f5es importantes. <br \/>\nESTUDOS DE PALAVRAS habilitam o leitor a ver uma palavra-chave e a fam\u00edlia de palavras a que ela est\u00e1 relacionada. Mostra tamb\u00e9m a variedade de express\u00f5es nas quais o termo \u00e9 usado. <br \/>\nILUSTRA\u00c7\u00d5ES recriam estruturas arquitet\u00f4nicas que fizeram parte do cen\u00e1rio no qual a B\u00edblia foi escrita. A visualiza\u00e7\u00e3o dessas estruturas prov\u00ea um contexto para a leitura e estudo de passagens da Escritura. Tanto o escritor da passagem, como muitos de seus primeiros leitores, conheceram essas estruturas em primeira m\u00e3o. <br \/>\nFOTOS, como as ilustra\u00e7\u00f5es e os mapas, fornecem o contexto visual conhecido pelos escritores b\u00edblicos e por muitos de seus primeiros leitores. A visualiza\u00e7\u00e3o do contexto constitui um aux\u00edlio significativo para a compreens\u00e3o. Cirilo de Jerusal\u00e9m (315-386 d.C.) e Jer\u00f4nimo (340-420 d.C.) chamaram a terra da B\u00edblia de &#8220;o Quinto Evangelho&#8221;. Conhecer a terra por meio de fotos enriquece nossa leitura e compreens\u00e3o da B\u00edblia.<br \/>\n INTRODU\u00c7\u00d5ES d\u00e3o uma vis\u00e3o geral dos livros, suprindo informa\u00e7\u00f5es sobre Circunst\u00e2ncias da escrita inclusive Autor e Contexto hist\u00f3rico, Mensagem e prop\u00f3sito, Contribui\u00e7\u00e3o \u00e0 B\u00edblia, Estrutura e Esbo\u00e7o.<br \/>\n CRONOLOGIA situa o livro em uma estrutura cronol\u00f3gica de eventos b\u00edblicos (letra preta) e eventos da hist\u00f3ria mundial (letra marrom). ARTIGOS fazem uma cobertura em profundidade dos principais assuntos b\u00edblicos e teol\u00f3gicos.<\/p>\n","protected":false},"excerpt":{"rendered":"<p>Os estudiosos da B\u00edblia de hoje. .possuem melhores informa\u00e7\u00f5es sobre textos antigos que os estudiosos de anos atr\u00e1s. Tradu\u00e7\u00f5es feitas&hellip;<\/p>\n","protected":false},"featured_media":345231,"comment_status":"open","ping_status":"closed","template":"","meta":[],"product_cat":[139,233],"product_tag":[],"_links":{"self":[{"href":"https:\/\/www.livrariarema.com.br\/loja\/wp-json\/wp\/v2\/product\/336087"}],"collection":[{"href":"https:\/\/www.livrariarema.com.br\/loja\/wp-json\/wp\/v2\/product"}],"about":[{"href":"https:\/\/www.livrariarema.com.br\/loja\/wp-json\/wp\/v2\/types\/product"}],"replies":[{"embeddable":true,"href":"https:\/\/www.livrariarema.com.br\/loja\/wp-json\/wp\/v2\/comments?post=336087"}],"wp:featuredmedia":[{"embeddable":true,"href":"https:\/\/www.livrariarema.com.br\/loja\/wp-json\/wp\/v2\/media\/345231"}],"wp:attachment":[{"href":"https:\/\/www.livrariarema.com.br\/loja\/wp-json\/wp\/v2\/media?parent=336087"}],"wp:term":[{"taxonomy":"product_cat","embeddable":true,"href":"https:\/\/www.livrariarema.com.br\/loja\/wp-json\/wp\/v2\/product_cat?post=336087"},{"taxonomy":"product_tag","embeddable":true,"href":"https:\/\/www.livrariarema.com.br\/loja\/wp-json\/wp\/v2\/product_tag?post=336087"}],"curies":[{"name":"wp","href":"https:\/\/api.w.org\/{rel}","templated":true}]}}