{"id":336276,"date":"2025-09-04T10:32:14","date_gmt":"2025-09-04T13:32:14","guid":{"rendered":"https:\/\/www.livrariarema.com.br\/loja\/produtos\/sem categoria\/biblia-king-james-fiel-1611-standard-caramelo\/"},"modified":"2026-02-23T15:51:58","modified_gmt":"2026-02-23T18:51:58","slug":"biblia-king-james-fiel-1611-standard-caramelo","status":"publish","type":"product","link":"https:\/\/www.livrariarema.com.br\/loja\/produtos\/biblias\/king-james\/biblia-king-james-fiel-1611-standard-caramelo\/","title":{"rendered":"B\u00edblia King James Fiel 1611 &#8211; Standard &#8211; Caramelo"},"content":{"rendered":"<p>A B\u00edblia King James Fiel 1611 &#8211; Pura e Fiel aos Textus Receptus, livre de acr\u00e9scimos de editores! Para um apaixonado pela Palavra de Deus que busca uma B\u00edblia que preserve com m\u00e1xima fidelidade os textos originais, a King James Fiel 1611 \u00e9 a escolha certa e definitiva. Com sua base B\u00edblica no Textus Receptus, esta edi\u00e7\u00e3o traz a pureza das Escrituras, foi traduzida pelos 54 tradutores eruditos B\u00edblicos do rei James, sem adultera\u00e7\u00f5es ou influ\u00eancias doutrin\u00e1rias.<\/p>\n<p>Por que escolher a King James Fiel 1611?<br \/>\n&#8211; Fidelidade Absoluta<br \/>\nMant\u00e9m a integridade dos textos originais em portugu\u00eas, sem concess\u00f5es teol\u00f3gicas.<\/p>\n<p>&#8211; Tradi\u00e7\u00e3o e Autoridade<br \/>\nBaseada na B\u00edblia que atravessou s\u00e9culos de hist\u00f3ria sem altera\u00e7\u00f5es.<\/p>\n<p>&#8211; Linguagem Solene e Poderosa<br \/>\nUm texto que transmite a grandiosidade e a rever\u00eancia da Palavra de Deus.<br \/>\n&#8211; Possui refer\u00eancias Messi\u00e2nicas<\/p>\n<p>Passagens nas escrituras sagradas, especialmente no Antigo Testamento da B\u00edblia, que falam sobre a vinda de um Messias, um Salvador prometido por Deus.<\/p>\n","protected":false},"excerpt":{"rendered":"<p>A B\u00edblia King James Fiel 1611 &#8211; Pura e Fiel aos Textus Receptus, livre de acr\u00e9scimos de editores! Para um&hellip;<\/p>\n","protected":false},"featured_media":345222,"comment_status":"open","ping_status":"closed","template":"","meta":[],"product_cat":[139,233],"product_tag":[],"_links":{"self":[{"href":"https:\/\/www.livrariarema.com.br\/loja\/wp-json\/wp\/v2\/product\/336276"}],"collection":[{"href":"https:\/\/www.livrariarema.com.br\/loja\/wp-json\/wp\/v2\/product"}],"about":[{"href":"https:\/\/www.livrariarema.com.br\/loja\/wp-json\/wp\/v2\/types\/product"}],"replies":[{"embeddable":true,"href":"https:\/\/www.livrariarema.com.br\/loja\/wp-json\/wp\/v2\/comments?post=336276"}],"wp:featuredmedia":[{"embeddable":true,"href":"https:\/\/www.livrariarema.com.br\/loja\/wp-json\/wp\/v2\/media\/345222"}],"wp:attachment":[{"href":"https:\/\/www.livrariarema.com.br\/loja\/wp-json\/wp\/v2\/media?parent=336276"}],"wp:term":[{"taxonomy":"product_cat","embeddable":true,"href":"https:\/\/www.livrariarema.com.br\/loja\/wp-json\/wp\/v2\/product_cat?post=336276"},{"taxonomy":"product_tag","embeddable":true,"href":"https:\/\/www.livrariarema.com.br\/loja\/wp-json\/wp\/v2\/product_tag?post=336276"}],"curies":[{"name":"wp","href":"https:\/\/api.w.org\/{rel}","templated":true}]}}