{"id":336278,"date":"2025-09-04T10:32:23","date_gmt":"2025-09-04T13:32:23","guid":{"rendered":"https:\/\/www.livrariarema.com.br\/loja\/produtos\/sem categoria\/biblia-cronologica-dia-a-dia-preta\/"},"modified":"2026-02-23T15:52:54","modified_gmt":"2026-02-23T18:52:54","slug":"biblia-cronologica-dia-a-dia-preta","status":"publish","type":"product","link":"https:\/\/www.livrariarema.com.br\/loja\/produtos\/biblias\/estudo\/biblia-cronologica-dia-a-dia-preta\/","title":{"rendered":"Biblia Cronologica Dia A Dia &#8211; Preta"},"content":{"rendered":"<p>A B\u00edblia como voc\u00ea nunca leu antes.<\/p>\n<p>A B\u00edblia Cronol\u00f3gica &#8211; Dia a Dia apresenta as Escrituras em uma narrativa cont\u00ednua e envolvente, organizada em ordem cronol\u00f3gica para facilitar a compreens\u00e3o da hist\u00f3ria de Deus com a humanidade. Com uma abordagem devocional cuidadosamente elaborada, esta edi\u00e7\u00e3o transforma sua rotina de leitura b\u00edblica em uma jornada clara, cativante e profundamente transformadora.<\/p>\n<p>Dividida em tr\u00eas Atos e dezessete Cenas, cada se\u00e7\u00e3o traz uma introdu\u00e7\u00e3o explicativa que orienta o leitor sobre os acontecimentos e o contexto daquele trecho da hist\u00f3ria. Al\u00e9m disso, cada p\u00e1gina cont\u00e9m marca\u00e7\u00f5es que funcionam como lembretes visuais do tema central, permitindo que a narrativa seja acompanhada com clareza e profundidade.<\/p>\n<p>Guiado por reflex\u00f5es do renomado Dr. George Guthrie, cada leitura di\u00e1ria proporciona entendimento, inspira\u00e7\u00e3o e aplica\u00e7\u00e3o pr\u00e1tica da Palavra, tornando esta B\u00edblia ideal tanto para novos leitores quanto para estudiosos que desejam mergulhar na estrutura grandiosa da revela\u00e7\u00e3o b\u00edblica.<\/p>\n<p>Mais do que uma colet\u00e2nea de livros, esta B\u00edblia apresenta a Escritura como uma \u00fanica e coesa hist\u00f3ria, repleta de significado, beleza e prop\u00f3sito. Uma ferramenta indispens\u00e1vel para quem deseja compreender o plano redentor de Deus desde a Cria\u00e7\u00e3o at\u00e9 a Consuma\u00e7\u00e3o.<\/p>\n<p>Destaques da Edi\u00e7\u00e3o<\/p>\n<p>&#8211; Leituras di\u00e1rias com reflex\u00f5es devocionais guiadas pelo Dr. George Guthrie<br \/>\n&#8211; Estrutura cronol\u00f3gica dividida em tr\u00eas grandes Atos e dezessete Cenas<br \/>\n&#8211; Introdu\u00e7\u00f5es explicativas em cada se\u00e7\u00e3o para melhor compreens\u00e3o do contexto b\u00edblico<br \/>\n&#8211; Marca\u00e7\u00f5es tem\u00e1ticas nas p\u00e1ginas que refor\u00e7am o entendimento da narrativa<br \/>\n&#8211; Linguagem acess\u00edvel e teologicamente s\u00f3lida, ideal para uso pessoal, discipulados ou pequenos grupos<\/p>\n<p>Com a B\u00edblia Cronol\u00f3gica &#8211; Dia a Dia, voc\u00ea experimenta a Palavra de Deus como uma grande e maravilhosa hist\u00f3ria, absorvendo seus ensinamentos de forma organizada, acess\u00edvel e profundamente significativa. Permita que essa estrutura molde sua forma de pensar, fortale\u00e7a sua f\u00e9 e renove diariamente seu relacionamento com Deus.<\/p>\n","protected":false},"excerpt":{"rendered":"<p>A B\u00edblia como voc\u00ea nunca leu antes. A B\u00edblia Cronol\u00f3gica &#8211; Dia a Dia apresenta as Escrituras em uma narrativa&hellip;<\/p>\n","protected":false},"featured_media":345227,"comment_status":"open","ping_status":"closed","template":"","meta":[],"product_cat":[139,140],"product_tag":[],"_links":{"self":[{"href":"https:\/\/www.livrariarema.com.br\/loja\/wp-json\/wp\/v2\/product\/336278"}],"collection":[{"href":"https:\/\/www.livrariarema.com.br\/loja\/wp-json\/wp\/v2\/product"}],"about":[{"href":"https:\/\/www.livrariarema.com.br\/loja\/wp-json\/wp\/v2\/types\/product"}],"replies":[{"embeddable":true,"href":"https:\/\/www.livrariarema.com.br\/loja\/wp-json\/wp\/v2\/comments?post=336278"}],"wp:featuredmedia":[{"embeddable":true,"href":"https:\/\/www.livrariarema.com.br\/loja\/wp-json\/wp\/v2\/media\/345227"}],"wp:attachment":[{"href":"https:\/\/www.livrariarema.com.br\/loja\/wp-json\/wp\/v2\/media?parent=336278"}],"wp:term":[{"taxonomy":"product_cat","embeddable":true,"href":"https:\/\/www.livrariarema.com.br\/loja\/wp-json\/wp\/v2\/product_cat?post=336278"},{"taxonomy":"product_tag","embeddable":true,"href":"https:\/\/www.livrariarema.com.br\/loja\/wp-json\/wp\/v2\/product_tag?post=336278"}],"curies":[{"name":"wp","href":"https:\/\/api.w.org\/{rel}","templated":true}]}}