{"id":336292,"date":"2025-09-04T10:36:04","date_gmt":"2025-09-04T13:36:04","guid":{"rendered":"https:\/\/www.livrariarema.com.br\/loja\/produtos\/sem categoria\/borracha-tris-lapis\/"},"modified":"2026-01-27T17:00:57","modified_gmt":"2026-01-27T20:00:57","slug":"borracha-tris-lapis","status":"publish","type":"product","link":"https:\/\/www.livrariarema.com.br\/loja\/produtos\/papelaria\/borracha\/borracha-tris-lapis\/","title":{"rendered":"Borracha &#8211; Tris &#8211; L\u00e1pis"},"content":{"rendered":"<p>A borracha L\u00e1pis tem formato divertido de l\u00e1pis coloridos. \u00c9 at\u00f3xica liv re de PVC e tem textura super macia!<\/p>\n<p>Vendido separadamente. Enviado de acordo com a disponibilidade em estoque<\/p>\n<p>Registro Inmetro: 002047\/2018<\/p>\n","protected":false},"excerpt":{"rendered":"<p>A borracha L\u00e1pis tem formato divertido de l\u00e1pis coloridos. \u00c9 at\u00f3xica liv re de PVC e tem textura super macia!&hellip;<\/p>\n","protected":false},"featured_media":336291,"comment_status":"open","ping_status":"closed","template":"","meta":[],"product_cat":[281,215],"product_tag":[],"_links":{"self":[{"href":"https:\/\/www.livrariarema.com.br\/loja\/wp-json\/wp\/v2\/product\/336292"}],"collection":[{"href":"https:\/\/www.livrariarema.com.br\/loja\/wp-json\/wp\/v2\/product"}],"about":[{"href":"https:\/\/www.livrariarema.com.br\/loja\/wp-json\/wp\/v2\/types\/product"}],"replies":[{"embeddable":true,"href":"https:\/\/www.livrariarema.com.br\/loja\/wp-json\/wp\/v2\/comments?post=336292"}],"wp:featuredmedia":[{"embeddable":true,"href":"https:\/\/www.livrariarema.com.br\/loja\/wp-json\/wp\/v2\/media\/336291"}],"wp:attachment":[{"href":"https:\/\/www.livrariarema.com.br\/loja\/wp-json\/wp\/v2\/media?parent=336292"}],"wp:term":[{"taxonomy":"product_cat","embeddable":true,"href":"https:\/\/www.livrariarema.com.br\/loja\/wp-json\/wp\/v2\/product_cat?post=336292"},{"taxonomy":"product_tag","embeddable":true,"href":"https:\/\/www.livrariarema.com.br\/loja\/wp-json\/wp\/v2\/product_tag?post=336292"}],"curies":[{"name":"wp","href":"https:\/\/api.w.org\/{rel}","templated":true}]}}