{"id":336294,"date":"2025-09-04T10:36:10","date_gmt":"2025-09-04T13:36:10","guid":{"rendered":"https:\/\/www.livrariarema.com.br\/loja\/produtos\/sem categoria\/borracha-tris-holic-macarons-com-2-unidades\/"},"modified":"2026-04-13T11:20:46","modified_gmt":"2026-04-13T14:20:46","slug":"borracha-tris-holic-macarons-com-2-unidades","status":"publish","type":"product","link":"https:\/\/www.livrariarema.com.br\/loja\/produtos\/papelaria\/apontador\/borracha-tris-holic-macarons-com-2-unidades\/","title":{"rendered":"Borracha &#8211; Tris &#8211; Holic &#8211; Macarons &#8211; Com 2 Unidades"},"content":{"rendered":"<p>A borracha macaron \u00e9 igual ao docinho! Com cheirinho de baunilha e cores pastel, \u00e9 uma do\u00e7ura! Vem em estojo de acetato com duas borrachas cada! Textura macia! *produto n\u00e3o comest\u00edvel.<\/p>\n<p>Vendido individualmente. Enviado de acordo com a disponibilidade em estoque.<\/p>\n<p>Registro Inmetro: 002047\/2018<\/p>\n","protected":false},"excerpt":{"rendered":"<p>A borracha macaron \u00e9 igual ao docinho! Com cheirinho de baunilha e cores pastel, \u00e9 uma do\u00e7ura! Vem em estojo&hellip;<\/p>\n","protected":false},"featured_media":336293,"comment_status":"open","ping_status":"closed","template":"","meta":[],"product_cat":[283,215],"product_tag":[],"_links":{"self":[{"href":"https:\/\/www.livrariarema.com.br\/loja\/wp-json\/wp\/v2\/product\/336294"}],"collection":[{"href":"https:\/\/www.livrariarema.com.br\/loja\/wp-json\/wp\/v2\/product"}],"about":[{"href":"https:\/\/www.livrariarema.com.br\/loja\/wp-json\/wp\/v2\/types\/product"}],"replies":[{"embeddable":true,"href":"https:\/\/www.livrariarema.com.br\/loja\/wp-json\/wp\/v2\/comments?post=336294"}],"wp:featuredmedia":[{"embeddable":true,"href":"https:\/\/www.livrariarema.com.br\/loja\/wp-json\/wp\/v2\/media\/336293"}],"wp:attachment":[{"href":"https:\/\/www.livrariarema.com.br\/loja\/wp-json\/wp\/v2\/media?parent=336294"}],"wp:term":[{"taxonomy":"product_cat","embeddable":true,"href":"https:\/\/www.livrariarema.com.br\/loja\/wp-json\/wp\/v2\/product_cat?post=336294"},{"taxonomy":"product_tag","embeddable":true,"href":"https:\/\/www.livrariarema.com.br\/loja\/wp-json\/wp\/v2\/product_tag?post=336294"}],"curies":[{"name":"wp","href":"https:\/\/api.w.org\/{rel}","templated":true}]}}