{"id":336298,"date":"2025-09-04T10:36:22","date_gmt":"2025-09-04T13:36:22","guid":{"rendered":"https:\/\/www.livrariarema.com.br\/loja\/produtos\/sem categoria\/borracha-tris-holic-all-rose-com-3-unidades\/"},"modified":"2026-01-22T16:40:52","modified_gmt":"2026-01-22T19:40:52","slug":"borracha-tris-holic-all-rose-com-3-unidades","status":"publish","type":"product","link":"https:\/\/www.livrariarema.com.br\/loja\/produtos\/papelaria\/apontador\/borracha-tris-holic-all-rose-com-3-unidades\/","title":{"rendered":"Borracha &#8211; Tris &#8211; Holic &#8211; All Ros\u00e9 &#8211; Com 3 Unidades"},"content":{"rendered":"<p>O rosa nunca sai de moda! A partir de itens em tons rosados, a cole\u00e7\u00e3o A ll Ros\u00e9 d\u00e1 destaque para essa cor cl\u00e1ssica e apaixonante. A borracha All Rose vem em um conjunto de acetato de 3 cores em gradiente, com 3 tons de rosa! Textura macia e livre de PVC!<\/p>\n<p>Registro Inmetro: 002047\/2018<\/p>\n","protected":false},"excerpt":{"rendered":"<p>O rosa nunca sai de moda! A partir de itens em tons rosados, a cole\u00e7\u00e3o A ll Ros\u00e9 d\u00e1 destaque&hellip;<\/p>\n","protected":false},"featured_media":336297,"comment_status":"open","ping_status":"closed","template":"","meta":[],"product_cat":[283,215],"product_tag":[],"_links":{"self":[{"href":"https:\/\/www.livrariarema.com.br\/loja\/wp-json\/wp\/v2\/product\/336298"}],"collection":[{"href":"https:\/\/www.livrariarema.com.br\/loja\/wp-json\/wp\/v2\/product"}],"about":[{"href":"https:\/\/www.livrariarema.com.br\/loja\/wp-json\/wp\/v2\/types\/product"}],"replies":[{"embeddable":true,"href":"https:\/\/www.livrariarema.com.br\/loja\/wp-json\/wp\/v2\/comments?post=336298"}],"wp:featuredmedia":[{"embeddable":true,"href":"https:\/\/www.livrariarema.com.br\/loja\/wp-json\/wp\/v2\/media\/336297"}],"wp:attachment":[{"href":"https:\/\/www.livrariarema.com.br\/loja\/wp-json\/wp\/v2\/media?parent=336298"}],"wp:term":[{"taxonomy":"product_cat","embeddable":true,"href":"https:\/\/www.livrariarema.com.br\/loja\/wp-json\/wp\/v2\/product_cat?post=336298"},{"taxonomy":"product_tag","embeddable":true,"href":"https:\/\/www.livrariarema.com.br\/loja\/wp-json\/wp\/v2\/product_tag?post=336298"}],"curies":[{"name":"wp","href":"https:\/\/api.w.org\/{rel}","templated":true}]}}