{"id":336304,"date":"2025-09-04T10:36:40","date_gmt":"2025-09-04T13:36:40","guid":{"rendered":"https:\/\/www.livrariarema.com.br\/loja\/produtos\/sem categoria\/apontador-tris-com-deposito-borracha-double\/"},"modified":"2025-09-04T10:36:42","modified_gmt":"2025-09-04T13:36:42","slug":"apontador-tris-com-deposito-borracha-double","status":"publish","type":"product","link":"https:\/\/www.livrariarema.com.br\/loja\/produtos\/papelaria\/apontador\/apontador-tris-com-deposito-borracha-double\/","title":{"rendered":"Apontador &#8211; Tris &#8211; Com Dep\u00f3sito &#8211; + Borracha &#8211; Double"},"content":{"rendered":"<p>O apontador com dep\u00f3sito + borracha Double \u00e9 2 em 1, trazendo muita prat icidade para o dia-a-dia. Sua borracha \u00e9 n\u00e3o t\u00f3xica e o apontador tem l\u00e2 mina antiferrugem.<Br><br \/>\n<br \/>\nVendido Separadamente<\/p>\n<p>Enviado de acordo com a disponibilidade em estoque<\/p>\n<p>Registro Inmetro: 002112\/2023<\/p>\n","protected":false},"excerpt":{"rendered":"<p>O apontador com dep\u00f3sito + borracha Double \u00e9 2 em 1, trazendo muita prat icidade para o dia-a-dia. Sua borracha&hellip;<\/p>\n","protected":false},"featured_media":336303,"comment_status":"open","ping_status":"closed","template":"","meta":[],"product_cat":[283,215],"product_tag":[],"_links":{"self":[{"href":"https:\/\/www.livrariarema.com.br\/loja\/wp-json\/wp\/v2\/product\/336304"}],"collection":[{"href":"https:\/\/www.livrariarema.com.br\/loja\/wp-json\/wp\/v2\/product"}],"about":[{"href":"https:\/\/www.livrariarema.com.br\/loja\/wp-json\/wp\/v2\/types\/product"}],"replies":[{"embeddable":true,"href":"https:\/\/www.livrariarema.com.br\/loja\/wp-json\/wp\/v2\/comments?post=336304"}],"wp:featuredmedia":[{"embeddable":true,"href":"https:\/\/www.livrariarema.com.br\/loja\/wp-json\/wp\/v2\/media\/336303"}],"wp:attachment":[{"href":"https:\/\/www.livrariarema.com.br\/loja\/wp-json\/wp\/v2\/media?parent=336304"}],"wp:term":[{"taxonomy":"product_cat","embeddable":true,"href":"https:\/\/www.livrariarema.com.br\/loja\/wp-json\/wp\/v2\/product_cat?post=336304"},{"taxonomy":"product_tag","embeddable":true,"href":"https:\/\/www.livrariarema.com.br\/loja\/wp-json\/wp\/v2\/product_tag?post=336304"}],"curies":[{"name":"wp","href":"https:\/\/api.w.org\/{rel}","templated":true}]}}