{"id":336312,"date":"2025-09-05T13:16:10","date_gmt":"2025-09-05T16:16:10","guid":{"rendered":"https:\/\/www.livrariarema.com.br\/loja\/produtos\/sem categoria\/caderno-disco-buendia-a5-mapa-mundi-80-folhas\/"},"modified":"2026-02-03T15:30:19","modified_gmt":"2026-02-03T18:30:19","slug":"caderno-disco-buendia-a5-mapa-mundi-80-folhas","status":"publish","type":"product","link":"https:\/\/www.livrariarema.com.br\/loja\/produtos\/papelaria\/caderno\/caderno-disco-buendia-a5-mapa-mundi-80-folhas\/","title":{"rendered":"Caderno Disco &#8211; Buendia &#8211; A5 &#8211; Mapa Mundi &#8211; 80 Folhas"},"content":{"rendered":"<p>&#8211; Capa dura com lamina\u00e7\u00e3o fosca, resistente e elegante! Decorada no exterior e parte interna.<br \/>\n&#8211; Linda folha de identifica\u00e7\u00e3o colorida e decorada com o tema do caderno, em papel 150gr<br \/>\n&#8211; El\u00e1stico para fechar seu caderno e lev\u00e1-lo por a\u00ed! <br \/>\n&#8211; Inclui 4 divis\u00f3rias coloridas em papel 180g!<\/p>\n","protected":false},"excerpt":{"rendered":"<p>&#8211; Capa dura com lamina\u00e7\u00e3o fosca, resistente e elegante! Decorada no exterior e parte interna. &#8211; Linda folha de identifica\u00e7\u00e3o&hellip;<\/p>\n","protected":false},"featured_media":336340,"comment_status":"open","ping_status":"closed","template":"","meta":[],"product_cat":[230,215],"product_tag":[],"_links":{"self":[{"href":"https:\/\/www.livrariarema.com.br\/loja\/wp-json\/wp\/v2\/product\/336312"}],"collection":[{"href":"https:\/\/www.livrariarema.com.br\/loja\/wp-json\/wp\/v2\/product"}],"about":[{"href":"https:\/\/www.livrariarema.com.br\/loja\/wp-json\/wp\/v2\/types\/product"}],"replies":[{"embeddable":true,"href":"https:\/\/www.livrariarema.com.br\/loja\/wp-json\/wp\/v2\/comments?post=336312"}],"wp:featuredmedia":[{"embeddable":true,"href":"https:\/\/www.livrariarema.com.br\/loja\/wp-json\/wp\/v2\/media\/336340"}],"wp:attachment":[{"href":"https:\/\/www.livrariarema.com.br\/loja\/wp-json\/wp\/v2\/media?parent=336312"}],"wp:term":[{"taxonomy":"product_cat","embeddable":true,"href":"https:\/\/www.livrariarema.com.br\/loja\/wp-json\/wp\/v2\/product_cat?post=336312"},{"taxonomy":"product_tag","embeddable":true,"href":"https:\/\/www.livrariarema.com.br\/loja\/wp-json\/wp\/v2\/product_tag?post=336312"}],"curies":[{"name":"wp","href":"https:\/\/api.w.org\/{rel}","templated":true}]}}