{"id":336351,"date":"2025-09-10T15:24:56","date_gmt":"2025-09-10T18:24:56","guid":{"rendered":"https:\/\/www.livrariarema.com.br\/loja\/produtos\/sem categoria\/perfume-para-papel-buendia-12ml-um-recado-do-mar\/"},"modified":"2025-11-25T16:02:58","modified_gmt":"2025-11-25T19:02:58","slug":"perfume-para-papel-buendia-12ml-um-recado-do-mar","status":"publish","type":"product","link":"https:\/\/www.livrariarema.com.br\/loja\/produtos\/papelaria\/perfume-para-papel\/perfume-para-papel-buendia-12ml-um-recado-do-mar\/","title":{"rendered":"Perfume Para Papel &#8211; Buendia &#8211; 12Ml &#8211; Um Recado Do Mar"},"content":{"rendered":"<p>J\u00e1 pensou em perfumar suas anota\u00e7\u00f5es, livros e cadernos?<\/p>\n<p>D\u00ea uma pitada de alegria e personalidade \u00e0s suas anota\u00e7\u00f5es com os perfumes para papel! Feitos com ess\u00eancias premium e formula\u00e7\u00e3o sem \u00e1gua eles s\u00e3o perfeitos para levar dentro do estojo e te acompanhar nos estudos.<\/p>\n<p>Sabe aquele cheirinho que lembra coisas boas? Este perfume inspirado nas laranjeiras e no ver\u00e3o \u00e9 bem assim! Perfeito para despertar palavras e bons sentimentos quando escrevemos uma carta para algu\u00e9m ou para n\u00f3s mesmos!<\/p>\n","protected":false},"excerpt":{"rendered":"<p>J\u00e1 pensou em perfumar suas anota\u00e7\u00f5es, livros e cadernos? D\u00ea uma pitada de alegria e personalidade \u00e0s suas anota\u00e7\u00f5es com&hellip;<\/p>\n","protected":false},"featured_media":336350,"comment_status":"open","ping_status":"closed","template":"","meta":[],"product_cat":[215,333],"product_tag":[],"_links":{"self":[{"href":"https:\/\/www.livrariarema.com.br\/loja\/wp-json\/wp\/v2\/product\/336351"}],"collection":[{"href":"https:\/\/www.livrariarema.com.br\/loja\/wp-json\/wp\/v2\/product"}],"about":[{"href":"https:\/\/www.livrariarema.com.br\/loja\/wp-json\/wp\/v2\/types\/product"}],"replies":[{"embeddable":true,"href":"https:\/\/www.livrariarema.com.br\/loja\/wp-json\/wp\/v2\/comments?post=336351"}],"wp:featuredmedia":[{"embeddable":true,"href":"https:\/\/www.livrariarema.com.br\/loja\/wp-json\/wp\/v2\/media\/336350"}],"wp:attachment":[{"href":"https:\/\/www.livrariarema.com.br\/loja\/wp-json\/wp\/v2\/media?parent=336351"}],"wp:term":[{"taxonomy":"product_cat","embeddable":true,"href":"https:\/\/www.livrariarema.com.br\/loja\/wp-json\/wp\/v2\/product_cat?post=336351"},{"taxonomy":"product_tag","embeddable":true,"href":"https:\/\/www.livrariarema.com.br\/loja\/wp-json\/wp\/v2\/product_tag?post=336351"}],"curies":[{"name":"wp","href":"https:\/\/api.w.org\/{rel}","templated":true}]}}