{"id":336359,"date":"2025-09-10T15:26:34","date_gmt":"2025-09-10T18:26:34","guid":{"rendered":"https:\/\/www.livrariarema.com.br\/loja\/produtos\/sem categoria\/papel-de-carta-4-unidades-la-palomita-pequeno-principe\/"},"modified":"2026-04-22T15:11:21","modified_gmt":"2026-04-22T18:11:21","slug":"papel-de-carta-4-unidades-la-palomita-pequeno-principe","status":"publish","type":"product","link":"https:\/\/www.livrariarema.com.br\/loja\/produtos\/papelaria\/papel-de-carta\/papel-de-carta-4-unidades-la-palomita-pequeno-principe\/","title":{"rendered":"Papel De Carta &#8211; 4 Unidades &#8211; La Palomita &#8211; Pequeno Pr\u00edncipe"},"content":{"rendered":"<p>Em um mundo t\u00e3o digital, a nova linha de papel de cartas resgata o carinho das mensagens escritas \u00e0 m\u00e3o. Afinal, cartinhas aquecem o cora\u00e7\u00e3o e guardam sentimentos al\u00e9m da mem\u00f3ria. Redescubra a alegria de presentear e surpreender as pessoas queridas com palavras! <\/p>\n<p>Confira os detalhes dessa delicadeza toda:<br \/>\nCada kit cont\u00e9m 4 envelopes, 4 pap\u00e9is de carta  e 4 adesivos para fechamento.<br \/>\nOs envelopes s\u00e3o lindos e \u00fanicos, impressos em papel premium com lamina\u00e7\u00e3o brilhante;<br \/>\nOs pap\u00e9is de carta s\u00e3o acid-free. Perfeitos para guardar por muito tempo sem que fiquem com aspecto amarelado!<br \/>\nOs pap\u00e9is tem alta gramatura (120g) e toque sedoso, muita eleg\u00e2ncia!<br \/>\nDimens\u00f5es do envelope: 15 x 11cm<br \/>\nDimens\u00f5es do papel de carta: 21 x 14,6cm<\/p>\n","protected":false},"excerpt":{"rendered":"<p>Em um mundo t\u00e3o digital, a nova linha de papel de cartas resgata o carinho das mensagens escritas \u00e0 m\u00e3o.&hellip;<\/p>\n","protected":false},"featured_media":336358,"comment_status":"open","ping_status":"closed","template":"","meta":[],"product_cat":[310,215],"product_tag":[],"_links":{"self":[{"href":"https:\/\/www.livrariarema.com.br\/loja\/wp-json\/wp\/v2\/product\/336359"}],"collection":[{"href":"https:\/\/www.livrariarema.com.br\/loja\/wp-json\/wp\/v2\/product"}],"about":[{"href":"https:\/\/www.livrariarema.com.br\/loja\/wp-json\/wp\/v2\/types\/product"}],"replies":[{"embeddable":true,"href":"https:\/\/www.livrariarema.com.br\/loja\/wp-json\/wp\/v2\/comments?post=336359"}],"wp:featuredmedia":[{"embeddable":true,"href":"https:\/\/www.livrariarema.com.br\/loja\/wp-json\/wp\/v2\/media\/336358"}],"wp:attachment":[{"href":"https:\/\/www.livrariarema.com.br\/loja\/wp-json\/wp\/v2\/media?parent=336359"}],"wp:term":[{"taxonomy":"product_cat","embeddable":true,"href":"https:\/\/www.livrariarema.com.br\/loja\/wp-json\/wp\/v2\/product_cat?post=336359"},{"taxonomy":"product_tag","embeddable":true,"href":"https:\/\/www.livrariarema.com.br\/loja\/wp-json\/wp\/v2\/product_tag?post=336359"}],"curies":[{"name":"wp","href":"https:\/\/api.w.org\/{rel}","templated":true}]}}