{"id":336396,"date":"2025-09-10T15:36:37","date_gmt":"2025-09-10T18:36:37","guid":{"rendered":"https:\/\/www.livrariarema.com.br\/loja\/produtos\/sem categoria\/caderno-brochura-96-folhas-1-4-d-amarelo\/"},"modified":"2026-03-06T16:30:46","modified_gmt":"2026-03-06T19:30:46","slug":"caderno-brochura-96-folhas-1-4-d-amarelo","status":"publish","type":"product","link":"https:\/\/www.livrariarema.com.br\/loja\/produtos\/papelaria\/caderno\/caderno-brochura-96-folhas-1-4-d-amarelo\/","title":{"rendered":"Caderno Brochura 96 Folhas &#8211; 1\/4 &#8211; D+ Amarelo"},"content":{"rendered":"<p>O Caderno Brochura 1\/4 possui capa dura, \u00e1rea para identifica\u00e7\u00e3o e folhas pautadas. Ideal para o dia a dia na escola.<\/p>\n<p>Detalhes:<br \/>\nCapa dura<br \/>\nFolhas pautadas<br \/>\nMiolo<br \/>\nProduto certificado FSC<br \/>\nFormato 140mm x 200mm<br \/>\nGramatura 56 g\/m\u00b2<br \/>\nN\u00famero de folhas 96 folhas<\/p>\n","protected":false},"excerpt":{"rendered":"<p>O Caderno Brochura 1\/4 possui capa dura, \u00e1rea para identifica\u00e7\u00e3o e folhas pautadas. Ideal para o dia a dia na&hellip;<\/p>\n","protected":false},"featured_media":336395,"comment_status":"open","ping_status":"closed","template":"","meta":[],"product_cat":[230,215],"product_tag":[],"_links":{"self":[{"href":"https:\/\/www.livrariarema.com.br\/loja\/wp-json\/wp\/v2\/product\/336396"}],"collection":[{"href":"https:\/\/www.livrariarema.com.br\/loja\/wp-json\/wp\/v2\/product"}],"about":[{"href":"https:\/\/www.livrariarema.com.br\/loja\/wp-json\/wp\/v2\/types\/product"}],"replies":[{"embeddable":true,"href":"https:\/\/www.livrariarema.com.br\/loja\/wp-json\/wp\/v2\/comments?post=336396"}],"wp:featuredmedia":[{"embeddable":true,"href":"https:\/\/www.livrariarema.com.br\/loja\/wp-json\/wp\/v2\/media\/336395"}],"wp:attachment":[{"href":"https:\/\/www.livrariarema.com.br\/loja\/wp-json\/wp\/v2\/media?parent=336396"}],"wp:term":[{"taxonomy":"product_cat","embeddable":true,"href":"https:\/\/www.livrariarema.com.br\/loja\/wp-json\/wp\/v2\/product_cat?post=336396"},{"taxonomy":"product_tag","embeddable":true,"href":"https:\/\/www.livrariarema.com.br\/loja\/wp-json\/wp\/v2\/product_tag?post=336396"}],"curies":[{"name":"wp","href":"https:\/\/api.w.org\/{rel}","templated":true}]}}