{"id":336402,"date":"2025-09-10T15:37:43","date_gmt":"2025-09-10T18:37:43","guid":{"rendered":"https:\/\/www.livrariarema.com.br\/loja\/produtos\/sem categoria\/caderno-universitario-300-folhas-cadersil-bliss-religioso\/"},"modified":"2026-03-03T13:30:18","modified_gmt":"2026-03-03T16:30:18","slug":"caderno-universitario-300-folhas-cadersil-bliss-religioso","status":"publish","type":"product","link":"https:\/\/www.livrariarema.com.br\/loja\/produtos\/papelaria-crista\/caderno-papelaria-crista\/caderno-universitario-300-folhas-cadersil-bliss-religioso\/","title":{"rendered":"Caderno Universit\u00e1rio 300 Folhas &#8211; Cadersil &#8211; Bliss Religioso"},"content":{"rendered":"<p>Bolsa portf\u00f3lio, cartela de adesivos, editorial, divis\u00f3rias de mat\u00e9rias e miolo com microsserrilhas.<\/p>\n<p>Vendido Individualmente<\/p>\n<p>Enviado de acordo com a disponibilidade em estoque<\/p>\n","protected":false},"excerpt":{"rendered":"<p>Bolsa portf\u00f3lio, cartela de adesivos, editorial, divis\u00f3rias de mat\u00e9rias e miolo com microsserrilhas. Vendido Individualmente Enviado de acordo com a&hellip;<\/p>\n","protected":false},"featured_media":336460,"comment_status":"open","ping_status":"closed","template":"","meta":[],"product_cat":[323,322],"product_tag":[],"_links":{"self":[{"href":"https:\/\/www.livrariarema.com.br\/loja\/wp-json\/wp\/v2\/product\/336402"}],"collection":[{"href":"https:\/\/www.livrariarema.com.br\/loja\/wp-json\/wp\/v2\/product"}],"about":[{"href":"https:\/\/www.livrariarema.com.br\/loja\/wp-json\/wp\/v2\/types\/product"}],"replies":[{"embeddable":true,"href":"https:\/\/www.livrariarema.com.br\/loja\/wp-json\/wp\/v2\/comments?post=336402"}],"wp:featuredmedia":[{"embeddable":true,"href":"https:\/\/www.livrariarema.com.br\/loja\/wp-json\/wp\/v2\/media\/336460"}],"wp:attachment":[{"href":"https:\/\/www.livrariarema.com.br\/loja\/wp-json\/wp\/v2\/media?parent=336402"}],"wp:term":[{"taxonomy":"product_cat","embeddable":true,"href":"https:\/\/www.livrariarema.com.br\/loja\/wp-json\/wp\/v2\/product_cat?post=336402"},{"taxonomy":"product_tag","embeddable":true,"href":"https:\/\/www.livrariarema.com.br\/loja\/wp-json\/wp\/v2\/product_tag?post=336402"}],"curies":[{"name":"wp","href":"https:\/\/api.w.org\/{rel}","templated":true}]}}